{"id":816,"date":"2022-08-07T12:15:31","date_gmt":"2022-08-07T09:15:31","guid":{"rendered":"https:\/\/www.sapphire.com.tr\/sap-support-services\/"},"modified":"2022-09-19T23:11:43","modified_gmt":"2022-09-19T20:11:43","slug":"sap-support-services","status":"publish","type":"page","link":"https:\/\/www.sapphire.com.tr\/en\/sap-support-services\/","title":{"rendered":"SAP Support Services"},"content":{"rendered":"\t\t<div data-elementor-type=\"wp-page\" data-elementor-id=\"816\" class=\"elementor elementor-816 elementor-147\" data-elementor-post-type=\"page\">\n\t\t\t\t\t\t<section class=\"elementor-section elementor-top-section elementor-element elementor-element-1ed9c32a elementor-section-full_width elementor-section-height-default elementor-section-height-default\" data-id=\"1ed9c32a\" data-element_type=\"section\" data-settings=\"{&quot;background_background&quot;:&quot;classic&quot;}\">\n\t\t\t\t\t\t<div class=\"elementor-container elementor-column-gap-no\">\n\t\t\t\t\t<div class=\"elementor-column elementor-col-100 elementor-top-column elementor-element elementor-element-7c19b8f3\" data-id=\"7c19b8f3\" data-element_type=\"column\">\n\t\t\t<div class=\"elementor-widget-wrap elementor-element-populated\">\n\t\t\t\t\t\t<section class=\"elementor-section elementor-inner-section elementor-element elementor-element-766d1788 elementor-section-full_width elementor-reverse-mobile elementor-section-height-default elementor-section-height-default\" data-id=\"766d1788\" data-element_type=\"section\">\n\t\t\t\t\t\t<div class=\"elementor-container elementor-column-gap-no\">\n\t\t\t\t\t<div class=\"elementor-column elementor-col-50 elementor-inner-column elementor-element elementor-element-4a664e36 elementor-hidden-phone\" data-id=\"4a664e36\" data-element_type=\"column\">\n\t\t\t<div class=\"elementor-widget-wrap\">\n\t\t\t\t\t\t\t<\/div>\n\t\t<\/div>\n\t\t\t\t<div class=\"elementor-column elementor-col-50 elementor-inner-column elementor-element elementor-element-70e88119\" data-id=\"70e88119\" data-element_type=\"column\">\n\t\t\t<div class=\"elementor-widget-wrap elementor-element-populated\">\n\t\t\t\t\t\t<div class=\"elementor-element elementor-element-335bab0e elementor-hidden-phone elementor-widget elementor-widget-image\" data-id=\"335bab0e\" data-element_type=\"widget\" data-settings=\"{&quot;_animation&quot;:&quot;none&quot;,&quot;_animation_delay&quot;:300}\" data-widget_type=\"image.default\">\n\t\t\t\t<div class=\"elementor-widget-container\">\n\t\t\t\t\t\t\t\t\t\t\t\t\t\t\t<img fetchpriority=\"high\" decoding=\"async\" width=\"800\" height=\"534\" src=\"https:\/\/www.sapphire.com.tr\/wp-content\/uploads\/2022\/08\/17-1-1024x683.jpg\" class=\"attachment-large size-large wp-image-735\" alt=\"\" srcset=\"https:\/\/www.sapphire.com.tr\/wp-content\/uploads\/2022\/08\/17-1-1024x683.jpg 1024w, https:\/\/www.sapphire.com.tr\/wp-content\/uploads\/2022\/08\/17-1-300x200.jpg 300w, https:\/\/www.sapphire.com.tr\/wp-content\/uploads\/2022\/08\/17-1-768x512.jpg 768w, https:\/\/www.sapphire.com.tr\/wp-content\/uploads\/2022\/08\/17-1.jpg 1200w\" sizes=\"(max-width: 800px) 100vw, 800px\" \/>\t\t\t\t\t\t\t\t\t\t\t\t\t\t\t<\/div>\n\t\t\t\t<\/div>\n\t\t\t\t\t<\/div>\n\t\t<\/div>\n\t\t\t\t\t<\/div>\n\t\t<\/section>\n\t\t\t\t\t<\/div>\n\t\t<\/div>\n\t\t\t\t\t<\/div>\n\t\t<\/section>\n\t\t\t\t<section class=\"elementor-section elementor-top-section elementor-element elementor-element-13975e0d elementor-section-height-min-height elementor-section-content-middle elementor-section-boxed elementor-section-height-default elementor-section-items-middle\" data-id=\"13975e0d\" data-element_type=\"section\" data-settings=\"{&quot;background_background&quot;:&quot;gradient&quot;}\">\n\t\t\t\t\t\t<div class=\"elementor-container elementor-column-gap-no\">\n\t\t\t\t\t<div class=\"elementor-column elementor-col-100 elementor-top-column elementor-element elementor-element-5b98e580\" data-id=\"5b98e580\" data-element_type=\"column\">\n\t\t\t<div class=\"elementor-widget-wrap elementor-element-populated\">\n\t\t\t\t\t\t\t<\/div>\n\t\t<\/div>\n\t\t\t\t\t<\/div>\n\t\t<\/section>\n\t\t\t\t<section class=\"elementor-section elementor-top-section elementor-element elementor-element-522adad9 elementor-section-height-min-height elementor-section-content-middle elementor-section-boxed elementor-section-height-default elementor-section-items-middle\" data-id=\"522adad9\" data-element_type=\"section\">\n\t\t\t\t\t\t<div class=\"elementor-container elementor-column-gap-default\">\n\t\t\t\t\t<div class=\"elementor-column elementor-col-50 elementor-top-column elementor-element elementor-element-6c02ce65\" data-id=\"6c02ce65\" data-element_type=\"column\">\n\t\t\t<div class=\"elementor-widget-wrap elementor-element-populated\">\n\t\t\t\t\t\t<div class=\"elementor-element elementor-element-7516f465 elementor-widget elementor-widget-heading\" data-id=\"7516f465\" data-element_type=\"widget\" data-widget_type=\"heading.default\">\n\t\t\t\t<div class=\"elementor-widget-container\">\n\t\t\t\t\t<h2 class=\"elementor-heading-title elementor-size-default\">Sapphire SAP Support Services\n<\/h2>\t\t\t\t<\/div>\n\t\t\t\t<\/div>\n\t\t\t\t<div class=\"elementor-element elementor-element-4fa1c9b9 elementor-widget elementor-widget-text-editor\" data-id=\"4fa1c9b9\" data-element_type=\"widget\" data-widget_type=\"text-editor.default\">\n\t\t\t\t<div class=\"elementor-widget-container\">\n\t\t\t\t\t\t\t\t\t<p>After SAP projects are commissioned, issues such as supporting users after the project, modeling and commissioning new business requests, managing additional requests are provided by Sapphire, SAP Support Services team.&nbsp;<\/p>\n<p>Whenever you need a consultant who will walk with you after your SAP Project is live, who will not leave you alone and who will support you for changing and emerging new requirements.&nbsp;<\/p>\n<p>At Sapphire team, we are always ready and by your side. For a one-time problem or support requests under service agreements, contact us for technical or functional advice at any level you need.<\/p>\n\t\t\t\t\t\t\t\t<\/div>\n\t\t\t\t<\/div>\n\t\t\t\t\t<\/div>\n\t\t<\/div>\n\t\t\t\t<div class=\"elementor-column elementor-col-50 elementor-top-column elementor-element elementor-element-58b5915c\" data-id=\"58b5915c\" data-element_type=\"column\">\n\t\t\t<div class=\"elementor-widget-wrap elementor-element-populated\">\n\t\t\t\t\t\t<div class=\"elementor-element elementor-element-58471ba0 elementor-widget elementor-widget-image\" data-id=\"58471ba0\" data-element_type=\"widget\" data-widget_type=\"image.default\">\n\t\t\t\t<div class=\"elementor-widget-container\">\n\t\t\t\t\t\t\t\t\t\t\t\t\t\t\t<img decoding=\"async\" width=\"640\" height=\"427\" src=\"https:\/\/www.sapphire.com.tr\/wp-content\/uploads\/2022\/08\/AdobeStock_383187672.jpeg\" class=\"attachment-full size-full wp-image-796\" alt=\"\" srcset=\"https:\/\/www.sapphire.com.tr\/wp-content\/uploads\/2022\/08\/AdobeStock_383187672.jpeg 640w, https:\/\/www.sapphire.com.tr\/wp-content\/uploads\/2022\/08\/AdobeStock_383187672-300x200.jpeg 300w\" sizes=\"(max-width: 640px) 100vw, 640px\" \/>\t\t\t\t\t\t\t\t\t\t\t\t\t\t\t<\/div>\n\t\t\t\t<\/div>\n\t\t\t\t\t<\/div>\n\t\t<\/div>\n\t\t\t\t\t<\/div>\n\t\t<\/section>\n\t\t\t\t<\/div>\n\t\t","protected":false},"excerpt":{"rendered":"<p>Sapphire SAP Support Services After SAP projects are commissioned, issues such as supporting users after the project, modeling and commissioning new business requests, managing additional requests are provided by Sapphire, SAP Support Services team.&nbsp; Whenever you need a consultant who will walk with you after your SAP Project is live, who will not leave you [&hellip;]<\/p>\n","protected":false},"author":1,"featured_media":0,"parent":0,"menu_order":0,"comment_status":"closed","ping_status":"closed","template":"elementor_header_footer","meta":{"footnotes":""},"class_list":["post-816","page","type-page","status-publish","hentry"],"yoast_head":"<!-- This site is optimized with the Yoast SEO plugin v26.5 - https:\/\/yoast.com\/wordpress\/plugins\/seo\/ -->\n<title>SAP Support Services - Sapphire SAP Dan\u0131\u015fmanl\u0131k ve SAP \u00c7\u00f6z\u00fcmleri<\/title>\n<meta name=\"robots\" content=\"index, follow, max-snippet:-1, max-image-preview:large, max-video-preview:-1\" \/>\n<link rel=\"canonical\" href=\"https:\/\/www.sapphire.com.tr\/en\/sap-support-services\/\" \/>\n<meta property=\"og:locale\" content=\"en_US\" \/>\n<meta property=\"og:type\" content=\"article\" \/>\n<meta property=\"og:title\" content=\"SAP Support Services - Sapphire SAP Dan\u0131\u015fmanl\u0131k ve SAP \u00c7\u00f6z\u00fcmleri\" \/>\n<meta property=\"og:description\" content=\"Sapphire SAP Support Services After SAP projects are commissioned, issues such as supporting users after the project, modeling and commissioning new business requests, managing additional requests are provided by Sapphire, SAP Support Services team.&nbsp; Whenever you need a consultant who will walk with you after your SAP Project is live, who will not leave you [&hellip;]\" \/>\n<meta property=\"og:url\" content=\"https:\/\/www.sapphire.com.tr\/en\/sap-support-services\/\" \/>\n<meta property=\"og:site_name\" content=\"Sapphire SAP Dan\u0131\u015fmanl\u0131k ve SAP \u00c7\u00f6z\u00fcmleri\" \/>\n<meta property=\"article:modified_time\" content=\"2022-09-19T20:11:43+00:00\" \/>\n<meta property=\"og:image\" content=\"https:\/\/www.sapphire.com.tr\/wp-content\/uploads\/2022\/08\/17-1-1024x683.jpg\" \/>\n<meta name=\"twitter:card\" content=\"summary_large_image\" \/>\n<script type=\"application\/ld+json\" class=\"yoast-schema-graph\">{\"@context\":\"https:\/\/schema.org\",\"@graph\":[{\"@type\":\"WebPage\",\"@id\":\"https:\/\/www.sapphire.com.tr\/en\/sap-support-services\/\",\"url\":\"https:\/\/www.sapphire.com.tr\/en\/sap-support-services\/\",\"name\":\"SAP Support Services - Sapphire SAP Dan\u0131\u015fmanl\u0131k ve SAP \u00c7\u00f6z\u00fcmleri\",\"isPartOf\":{\"@id\":\"https:\/\/www.sapphire.com.tr\/en\/#website\"},\"primaryImageOfPage\":{\"@id\":\"https:\/\/www.sapphire.com.tr\/en\/sap-support-services\/#primaryimage\"},\"image\":{\"@id\":\"https:\/\/www.sapphire.com.tr\/en\/sap-support-services\/#primaryimage\"},\"thumbnailUrl\":\"https:\/\/www.sapphire.com.tr\/wp-content\/uploads\/2022\/08\/17-1-1024x683.jpg\",\"datePublished\":\"2022-08-07T09:15:31+00:00\",\"dateModified\":\"2022-09-19T20:11:43+00:00\",\"breadcrumb\":{\"@id\":\"https:\/\/www.sapphire.com.tr\/en\/sap-support-services\/#breadcrumb\"},\"inLanguage\":\"en-US\",\"potentialAction\":[{\"@type\":\"ReadAction\",\"target\":[\"https:\/\/www.sapphire.com.tr\/en\/sap-support-services\/\"]}]},{\"@type\":\"ImageObject\",\"inLanguage\":\"en-US\",\"@id\":\"https:\/\/www.sapphire.com.tr\/en\/sap-support-services\/#primaryimage\",\"url\":\"https:\/\/www.sapphire.com.tr\/wp-content\/uploads\/2022\/08\/17-1-1024x683.jpg\",\"contentUrl\":\"https:\/\/www.sapphire.com.tr\/wp-content\/uploads\/2022\/08\/17-1-1024x683.jpg\"},{\"@type\":\"BreadcrumbList\",\"@id\":\"https:\/\/www.sapphire.com.tr\/en\/sap-support-services\/#breadcrumb\",\"itemListElement\":[{\"@type\":\"ListItem\",\"position\":1,\"name\":\"Anasayfa\",\"item\":\"https:\/\/www.sapphire.com.tr\/en\/sapphire-consulting\/\"},{\"@type\":\"ListItem\",\"position\":2,\"name\":\"SAP Support Services\"}]},{\"@type\":\"WebSite\",\"@id\":\"https:\/\/www.sapphire.com.tr\/en\/#website\",\"url\":\"https:\/\/www.sapphire.com.tr\/en\/\",\"name\":\"Sapphire SAP Dan\u0131\u015fmanl\u0131k ve SAP \u00c7\u00f6z\u00fcmleri\",\"description\":\"SAP Dan\u0131\u015fmanl\u0131k ve SAP \u00c7\u00f6z\u00fcmleri\",\"publisher\":{\"@id\":\"https:\/\/www.sapphire.com.tr\/en\/#organization\"},\"potentialAction\":[{\"@type\":\"SearchAction\",\"target\":{\"@type\":\"EntryPoint\",\"urlTemplate\":\"https:\/\/www.sapphire.com.tr\/en\/?s={search_term_string}\"},\"query-input\":{\"@type\":\"PropertyValueSpecification\",\"valueRequired\":true,\"valueName\":\"search_term_string\"}}],\"inLanguage\":\"en-US\"},{\"@type\":\"Organization\",\"@id\":\"https:\/\/www.sapphire.com.tr\/en\/#organization\",\"name\":\"Sapphire SAP Dan\u0131\u015fmanl\u0131k ve SAP \u00c7\u00f6z\u00fcmleri\",\"url\":\"https:\/\/www.sapphire.com.tr\/en\/\",\"logo\":{\"@type\":\"ImageObject\",\"inLanguage\":\"en-US\",\"@id\":\"https:\/\/www.sapphire.com.tr\/en\/#\/schema\/logo\/image\/\",\"url\":\"https:\/\/www.sapphire.com.tr\/wp-content\/uploads\/2022\/08\/sapphire-sap-danismanlik-logo-opt.svg\",\"contentUrl\":\"https:\/\/www.sapphire.com.tr\/wp-content\/uploads\/2022\/08\/sapphire-sap-danismanlik-logo-opt.svg\",\"caption\":\"Sapphire SAP Dan\u0131\u015fmanl\u0131k ve SAP \u00c7\u00f6z\u00fcmleri\"},\"image\":{\"@id\":\"https:\/\/www.sapphire.com.tr\/en\/#\/schema\/logo\/image\/\"}}]}<\/script>\n<!-- \/ Yoast SEO plugin. -->","yoast_head_json":{"title":"SAP Support Services - Sapphire SAP Dan\u0131\u015fmanl\u0131k ve SAP \u00c7\u00f6z\u00fcmleri","robots":{"index":"index","follow":"follow","max-snippet":"max-snippet:-1","max-image-preview":"max-image-preview:large","max-video-preview":"max-video-preview:-1"},"canonical":"https:\/\/www.sapphire.com.tr\/en\/sap-support-services\/","og_locale":"en_US","og_type":"article","og_title":"SAP Support Services - Sapphire SAP Dan\u0131\u015fmanl\u0131k ve SAP \u00c7\u00f6z\u00fcmleri","og_description":"Sapphire SAP Support Services After SAP projects are commissioned, issues such as supporting users after the project, modeling and commissioning new business requests, managing additional requests are provided by Sapphire, SAP Support Services team.&nbsp; Whenever you need a consultant who will walk with you after your SAP Project is live, who will not leave you [&hellip;]","og_url":"https:\/\/www.sapphire.com.tr\/en\/sap-support-services\/","og_site_name":"Sapphire SAP Dan\u0131\u015fmanl\u0131k ve SAP \u00c7\u00f6z\u00fcmleri","article_modified_time":"2022-09-19T20:11:43+00:00","og_image":[{"url":"https:\/\/www.sapphire.com.tr\/wp-content\/uploads\/2022\/08\/17-1-1024x683.jpg","type":"","width":"","height":""}],"twitter_card":"summary_large_image","schema":{"@context":"https:\/\/schema.org","@graph":[{"@type":"WebPage","@id":"https:\/\/www.sapphire.com.tr\/en\/sap-support-services\/","url":"https:\/\/www.sapphire.com.tr\/en\/sap-support-services\/","name":"SAP Support Services - Sapphire SAP Dan\u0131\u015fmanl\u0131k ve SAP \u00c7\u00f6z\u00fcmleri","isPartOf":{"@id":"https:\/\/www.sapphire.com.tr\/en\/#website"},"primaryImageOfPage":{"@id":"https:\/\/www.sapphire.com.tr\/en\/sap-support-services\/#primaryimage"},"image":{"@id":"https:\/\/www.sapphire.com.tr\/en\/sap-support-services\/#primaryimage"},"thumbnailUrl":"https:\/\/www.sapphire.com.tr\/wp-content\/uploads\/2022\/08\/17-1-1024x683.jpg","datePublished":"2022-08-07T09:15:31+00:00","dateModified":"2022-09-19T20:11:43+00:00","breadcrumb":{"@id":"https:\/\/www.sapphire.com.tr\/en\/sap-support-services\/#breadcrumb"},"inLanguage":"en-US","potentialAction":[{"@type":"ReadAction","target":["https:\/\/www.sapphire.com.tr\/en\/sap-support-services\/"]}]},{"@type":"ImageObject","inLanguage":"en-US","@id":"https:\/\/www.sapphire.com.tr\/en\/sap-support-services\/#primaryimage","url":"https:\/\/www.sapphire.com.tr\/wp-content\/uploads\/2022\/08\/17-1-1024x683.jpg","contentUrl":"https:\/\/www.sapphire.com.tr\/wp-content\/uploads\/2022\/08\/17-1-1024x683.jpg"},{"@type":"BreadcrumbList","@id":"https:\/\/www.sapphire.com.tr\/en\/sap-support-services\/#breadcrumb","itemListElement":[{"@type":"ListItem","position":1,"name":"Anasayfa","item":"https:\/\/www.sapphire.com.tr\/en\/sapphire-consulting\/"},{"@type":"ListItem","position":2,"name":"SAP Support Services"}]},{"@type":"WebSite","@id":"https:\/\/www.sapphire.com.tr\/en\/#website","url":"https:\/\/www.sapphire.com.tr\/en\/","name":"Sapphire SAP Dan\u0131\u015fmanl\u0131k ve SAP \u00c7\u00f6z\u00fcmleri","description":"SAP Dan\u0131\u015fmanl\u0131k ve SAP \u00c7\u00f6z\u00fcmleri","publisher":{"@id":"https:\/\/www.sapphire.com.tr\/en\/#organization"},"potentialAction":[{"@type":"SearchAction","target":{"@type":"EntryPoint","urlTemplate":"https:\/\/www.sapphire.com.tr\/en\/?s={search_term_string}"},"query-input":{"@type":"PropertyValueSpecification","valueRequired":true,"valueName":"search_term_string"}}],"inLanguage":"en-US"},{"@type":"Organization","@id":"https:\/\/www.sapphire.com.tr\/en\/#organization","name":"Sapphire SAP Dan\u0131\u015fmanl\u0131k ve SAP \u00c7\u00f6z\u00fcmleri","url":"https:\/\/www.sapphire.com.tr\/en\/","logo":{"@type":"ImageObject","inLanguage":"en-US","@id":"https:\/\/www.sapphire.com.tr\/en\/#\/schema\/logo\/image\/","url":"https:\/\/www.sapphire.com.tr\/wp-content\/uploads\/2022\/08\/sapphire-sap-danismanlik-logo-opt.svg","contentUrl":"https:\/\/www.sapphire.com.tr\/wp-content\/uploads\/2022\/08\/sapphire-sap-danismanlik-logo-opt.svg","caption":"Sapphire SAP Dan\u0131\u015fmanl\u0131k ve SAP \u00c7\u00f6z\u00fcmleri"},"image":{"@id":"https:\/\/www.sapphire.com.tr\/en\/#\/schema\/logo\/image\/"}}]}},"_links":{"self":[{"href":"https:\/\/www.sapphire.com.tr\/en\/wp-json\/wp\/v2\/pages\/816","targetHints":{"allow":["GET"]}}],"collection":[{"href":"https:\/\/www.sapphire.com.tr\/en\/wp-json\/wp\/v2\/pages"}],"about":[{"href":"https:\/\/www.sapphire.com.tr\/en\/wp-json\/wp\/v2\/types\/page"}],"author":[{"embeddable":true,"href":"https:\/\/www.sapphire.com.tr\/en\/wp-json\/wp\/v2\/users\/1"}],"replies":[{"embeddable":true,"href":"https:\/\/www.sapphire.com.tr\/en\/wp-json\/wp\/v2\/comments?post=816"}],"version-history":[{"count":2,"href":"https:\/\/www.sapphire.com.tr\/en\/wp-json\/wp\/v2\/pages\/816\/revisions"}],"predecessor-version":[{"id":963,"href":"https:\/\/www.sapphire.com.tr\/en\/wp-json\/wp\/v2\/pages\/816\/revisions\/963"}],"wp:attachment":[{"href":"https:\/\/www.sapphire.com.tr\/en\/wp-json\/wp\/v2\/media?parent=816"}],"curies":[{"name":"wp","href":"https:\/\/api.w.org\/{rel}","templated":true}]}}