{"id":820,"date":"2022-08-07T12:23:58","date_gmt":"2022-08-07T09:23:58","guid":{"rendered":"https:\/\/www.sapphire.com.tr\/career\/"},"modified":"2022-09-19T23:11:10","modified_gmt":"2022-09-19T20:11:10","slug":"career","status":"publish","type":"page","link":"https:\/\/www.sapphire.com.tr\/en\/career\/","title":{"rendered":"Career"},"content":{"rendered":"\t\t<div data-elementor-type=\"wp-page\" data-elementor-id=\"820\" class=\"elementor elementor-820 elementor-175\" data-elementor-post-type=\"page\">\n\t\t\t\t\t\t<section class=\"elementor-section elementor-top-section elementor-element elementor-element-f9ae7c7 elementor-section-full_width elementor-section-height-default elementor-section-height-default\" data-id=\"f9ae7c7\" data-element_type=\"section\" data-settings=\"{&quot;background_background&quot;:&quot;classic&quot;}\">\n\t\t\t\t\t\t<div class=\"elementor-container elementor-column-gap-no\">\n\t\t\t\t\t<div class=\"elementor-column elementor-col-100 elementor-top-column elementor-element elementor-element-5b292a7d\" data-id=\"5b292a7d\" data-element_type=\"column\">\n\t\t\t<div class=\"elementor-widget-wrap elementor-element-populated\">\n\t\t\t\t\t\t<section class=\"elementor-section elementor-inner-section elementor-element elementor-element-3f0faad5 elementor-section-full_width elementor-reverse-mobile elementor-section-height-default elementor-section-height-default\" data-id=\"3f0faad5\" data-element_type=\"section\">\n\t\t\t\t\t\t<div class=\"elementor-container elementor-column-gap-no\">\n\t\t\t\t\t<div class=\"elementor-column elementor-col-50 elementor-inner-column elementor-element elementor-element-1e02eacb elementor-hidden-phone\" data-id=\"1e02eacb\" data-element_type=\"column\">\n\t\t\t<div class=\"elementor-widget-wrap\">\n\t\t\t\t\t\t\t<\/div>\n\t\t<\/div>\n\t\t\t\t<div class=\"elementor-column elementor-col-50 elementor-inner-column elementor-element elementor-element-78834d18\" data-id=\"78834d18\" data-element_type=\"column\">\n\t\t\t<div class=\"elementor-widget-wrap elementor-element-populated\">\n\t\t\t\t\t\t<div class=\"elementor-element elementor-element-4c6d9a5f elementor-hidden-phone elementor-widget elementor-widget-image\" data-id=\"4c6d9a5f\" data-element_type=\"widget\" data-settings=\"{&quot;_animation&quot;:&quot;none&quot;,&quot;_animation_delay&quot;:300}\" data-widget_type=\"image.default\">\n\t\t\t\t<div class=\"elementor-widget-container\">\n\t\t\t\t\t\t\t\t\t\t\t\t\t\t\t<img fetchpriority=\"high\" decoding=\"async\" width=\"640\" height=\"427\" src=\"https:\/\/www.sapphire.com.tr\/wp-content\/uploads\/2022\/08\/AdobeStock_375955044.jpeg\" class=\"attachment-large size-large wp-image-798\" alt=\"\" srcset=\"https:\/\/www.sapphire.com.tr\/wp-content\/uploads\/2022\/08\/AdobeStock_375955044.jpeg 640w, https:\/\/www.sapphire.com.tr\/wp-content\/uploads\/2022\/08\/AdobeStock_375955044-300x200.jpeg 300w\" sizes=\"(max-width: 640px) 100vw, 640px\" \/>\t\t\t\t\t\t\t\t\t\t\t\t\t\t\t<\/div>\n\t\t\t\t<\/div>\n\t\t\t\t\t<\/div>\n\t\t<\/div>\n\t\t\t\t\t<\/div>\n\t\t<\/section>\n\t\t\t\t\t<\/div>\n\t\t<\/div>\n\t\t\t\t\t<\/div>\n\t\t<\/section>\n\t\t\t\t<section class=\"elementor-section elementor-top-section elementor-element elementor-element-7453872a elementor-section-height-min-height elementor-section-content-middle elementor-section-boxed elementor-section-height-default elementor-section-items-middle\" data-id=\"7453872a\" data-element_type=\"section\" data-settings=\"{&quot;background_background&quot;:&quot;gradient&quot;}\">\n\t\t\t\t\t\t<div class=\"elementor-container elementor-column-gap-no\">\n\t\t\t\t\t<div class=\"elementor-column elementor-col-100 elementor-top-column elementor-element elementor-element-4baa3017\" data-id=\"4baa3017\" data-element_type=\"column\">\n\t\t\t<div class=\"elementor-widget-wrap elementor-element-populated\">\n\t\t\t\t\t\t\t<\/div>\n\t\t<\/div>\n\t\t\t\t\t<\/div>\n\t\t<\/section>\n\t\t\t\t<section class=\"elementor-section elementor-top-section elementor-element elementor-element-1b57e84e elementor-section-boxed elementor-section-height-default elementor-section-height-default\" data-id=\"1b57e84e\" data-element_type=\"section\">\n\t\t\t\t\t\t<div class=\"elementor-container elementor-column-gap-default\">\n\t\t\t\t\t<div class=\"elementor-column elementor-col-50 elementor-top-column elementor-element elementor-element-1f3b4d9f\" data-id=\"1f3b4d9f\" data-element_type=\"column\" data-settings=\"{&quot;background_background&quot;:&quot;classic&quot;}\">\n\t\t\t<div class=\"elementor-widget-wrap elementor-element-populated\">\n\t\t\t\t\t\t<div class=\"elementor-element elementor-element-20992e0 elementor-widget elementor-widget-heading\" data-id=\"20992e0\" data-element_type=\"widget\" data-widget_type=\"heading.default\">\n\t\t\t\t<div class=\"elementor-widget-container\">\n\t\t\t\t\t<h2 class=\"elementor-heading-title elementor-size-default\">Submit Your Resume<\/h2>\t\t\t\t<\/div>\n\t\t\t\t<\/div>\n\t\t\t\t<div class=\"elementor-element elementor-element-4c82282 elementor-widget elementor-widget-text-editor\" data-id=\"4c82282\" data-element_type=\"widget\" data-widget_type=\"text-editor.default\">\n\t\t\t\t<div class=\"elementor-widget-container\">\n\t\t\t\t\t\t\t\t\t<p>We are waiting for you to share your experiences with us and add more experience to our team.<\/p>\n\t\t\t\t\t\t\t\t<\/div>\n\t\t\t\t<\/div>\n\t\t\t\t<div class=\"elementor-element elementor-element-770792f7 elementor-button-align-stretch elementor-widget elementor-widget-form\" data-id=\"770792f7\" data-element_type=\"widget\" data-settings=\"{&quot;button_width&quot;:&quot;30&quot;,&quot;step_next_label&quot;:&quot;Next&quot;,&quot;step_previous_label&quot;:&quot;Previous&quot;,&quot;step_type&quot;:&quot;number_text&quot;,&quot;step_icon_shape&quot;:&quot;circle&quot;}\" data-widget_type=\"form.default\">\n\t\t\t\t<div class=\"elementor-widget-container\">\n\t\t\t\t\t\t\t<form class=\"elementor-form\" method=\"post\" name=\"New Form\" aria-label=\"New Form\">\n\t\t\t<input type=\"hidden\" name=\"post_id\" value=\"820\"\/>\n\t\t\t<input type=\"hidden\" name=\"form_id\" value=\"770792f7\"\/>\n\t\t\t<input type=\"hidden\" name=\"referer_title\" value=\"Sapphire SAP Dan\u0131\u015fmanl\u0131k ve SAP \u00c7\u00f6z\u00fcmleri\" \/>\n\n\t\t\t\n\t\t\t<div class=\"elementor-form-fields-wrapper elementor-labels-\">\n\t\t\t\t\t\t\t\t<div class=\"elementor-field-type-text elementor-field-group elementor-column elementor-field-group-name elementor-col-40 elementor-sm-50\">\n\t\t\t\t\t\t\t\t\t\t\t\t<label for=\"form-field-name\" class=\"elementor-field-label elementor-screen-only\">\n\t\t\t\t\t\t\t\tYour Name\t\t\t\t\t\t\t<\/label>\n\t\t\t\t\t\t\t\t\t\t\t\t\t\t<input size=\"1\" type=\"text\" name=\"form_fields[name]\" id=\"form-field-name\" class=\"elementor-field elementor-size-sm  elementor-field-textual\" placeholder=\"NAME SURNAME\">\n\t\t\t\t\t\t\t\t\t\t\t<\/div>\n\t\t\t\t\t\t\t\t<div class=\"elementor-field-type-email elementor-field-group elementor-column elementor-field-group-email elementor-col-60 elementor-sm-50 elementor-field-required\">\n\t\t\t\t\t\t\t\t\t\t\t\t<label for=\"form-field-email\" class=\"elementor-field-label elementor-screen-only\">\n\t\t\t\t\t\t\t\tEmail\t\t\t\t\t\t\t<\/label>\n\t\t\t\t\t\t\t\t\t\t\t\t\t\t<input size=\"1\" type=\"email\" name=\"form_fields[email]\" id=\"form-field-email\" class=\"elementor-field elementor-size-sm  elementor-field-textual\" placeholder=\"EMAIL ADDRESS\" required=\"required\">\n\t\t\t\t\t\t\t\t\t\t\t<\/div>\n\t\t\t\t\t\t\t\t<div class=\"elementor-field-type-textarea elementor-field-group elementor-column elementor-field-group-field_eee4c2a elementor-col-100\">\n\t\t\t\t\t\t\t\t\t\t\t\t<label for=\"form-field-field_eee4c2a\" class=\"elementor-field-label elementor-screen-only\">\n\t\t\t\t\t\t\t\tMessage\t\t\t\t\t\t\t<\/label>\n\t\t\t\t\t\t<textarea class=\"elementor-field-textual elementor-field  elementor-size-sm\" name=\"form_fields[field_eee4c2a]\" id=\"form-field-field_eee4c2a\" rows=\"4\" placeholder=\"MESSAGE\"><\/textarea>\t\t\t\t<\/div>\n\t\t\t\t\t\t\t\t<div class=\"elementor-field-type-upload elementor-field-group elementor-column elementor-field-group-field_3da8a8d elementor-col-100 elementor-field-required\">\n\t\t\t\t\t\t\t\t\t\t\t\t<label for=\"form-field-field_3da8a8d\" class=\"elementor-field-label elementor-screen-only\">\n\t\t\t\t\t\t\t\tSELECT RESUME FILE\t\t\t\t\t\t\t<\/label>\n\t\t\t\t\t\t\t\t<input type=\"file\" name=\"form_fields[field_3da8a8d]\" id=\"form-field-field_3da8a8d\" class=\"elementor-field elementor-size-sm  elementor-upload-field\" required=\"required\" data-maxsize=\"10\" data-maxsize-message=\"This file exceeds the maximum allowed size.\">\n\n\t\t\t\t\t\t<\/div>\n\t\t\t\t\t\t\t\t<div class=\"elementor-field-group elementor-column elementor-field-type-submit elementor-col-30 e-form__buttons\">\n\t\t\t\t\t<button class=\"elementor-button elementor-size-sm elementor-animation-shrink\" type=\"submit\">\n\t\t\t\t\t\t<span class=\"elementor-button-content-wrapper\">\n\t\t\t\t\t\t\t\t\t\t\t\t\t\t\t\t\t\t\t\t\t\t<span class=\"elementor-button-text\">SEND<\/span>\n\t\t\t\t\t\t\t\t\t\t\t\t\t<\/span>\n\t\t\t\t\t<\/button>\n\t\t\t\t<\/div>\n\t\t\t<\/div>\n\t\t<\/form>\n\t\t\t\t\t\t<\/div>\n\t\t\t\t<\/div>\n\t\t\t\t\t<\/div>\n\t\t<\/div>\n\t\t\t\t<div class=\"elementor-column elementor-col-50 elementor-top-column elementor-element elementor-element-2325adef\" data-id=\"2325adef\" data-element_type=\"column\" data-settings=\"{&quot;background_background&quot;:&quot;classic&quot;}\">\n\t\t\t<div class=\"elementor-widget-wrap elementor-element-populated\">\n\t\t\t\t\t\t<div class=\"elementor-element elementor-element-729daba5 elementor-widget elementor-widget-heading\" data-id=\"729daba5\" data-element_type=\"widget\" data-widget_type=\"heading.default\">\n\t\t\t\t<div class=\"elementor-widget-container\">\n\t\t\t\t\t<h3 class=\"elementor-heading-title elementor-size-default\">Our most valuable asset is our colleagues.\n<\/h3>\t\t\t\t<\/div>\n\t\t\t\t<\/div>\n\t\t\t\t<div class=\"elementor-element elementor-element-4365d8f7 elementor-widget elementor-widget-text-editor\" data-id=\"4365d8f7\" data-element_type=\"widget\" data-widget_type=\"text-editor.default\">\n\t\t\t\t<div class=\"elementor-widget-container\">\n\t\t\t\t\t\t\t\t\t<p>SAP Consultancy is a long but exciting journey. If you are interested in solving customer needs that change every day, if you are determined for \u201ckeep learning without hesitation\u201d and you have decided to enter this path and want to keep up with an expert SAP consultant, contact us Let&#8217;s decide together what we can do.<\/p>\n\t\t\t\t\t\t\t\t<\/div>\n\t\t\t\t<\/div>\n\t\t\t\t\t<\/div>\n\t\t<\/div>\n\t\t\t\t\t<\/div>\n\t\t<\/section>\n\t\t\t\t<\/div>\n\t\t","protected":false},"excerpt":{"rendered":"<p>Submit Your Resume We are waiting for you to share your experiences with us and add more experience to our team. Our most valuable asset is our colleagues. SAP Consultancy is a long but exciting journey. If you are interested in solving customer needs that change every day, if you are determined for \u201ckeep learning [&hellip;]<\/p>\n","protected":false},"author":1,"featured_media":0,"parent":0,"menu_order":0,"comment_status":"closed","ping_status":"closed","template":"elementor_header_footer","meta":{"footnotes":""},"class_list":["post-820","page","type-page","status-publish","hentry"],"yoast_head":"<!-- This site is optimized with the Yoast SEO plugin v26.5 - https:\/\/yoast.com\/wordpress\/plugins\/seo\/ -->\n<title>Career - Sapphire SAP Dan\u0131\u015fmanl\u0131k ve SAP \u00c7\u00f6z\u00fcmleri<\/title>\n<meta name=\"robots\" content=\"index, follow, max-snippet:-1, max-image-preview:large, max-video-preview:-1\" \/>\n<link rel=\"canonical\" href=\"https:\/\/www.sapphire.com.tr\/en\/career\/\" \/>\n<meta property=\"og:locale\" content=\"en_US\" \/>\n<meta property=\"og:type\" content=\"article\" \/>\n<meta property=\"og:title\" content=\"Career - Sapphire SAP Dan\u0131\u015fmanl\u0131k ve SAP \u00c7\u00f6z\u00fcmleri\" \/>\n<meta property=\"og:description\" content=\"Submit Your Resume We are waiting for you to share your experiences with us and add more experience to our team. Our most valuable asset is our colleagues. SAP Consultancy is a long but exciting journey. If you are interested in solving customer needs that change every day, if you are determined for \u201ckeep learning [&hellip;]\" \/>\n<meta property=\"og:url\" content=\"https:\/\/www.sapphire.com.tr\/en\/career\/\" \/>\n<meta property=\"og:site_name\" content=\"Sapphire SAP Dan\u0131\u015fmanl\u0131k ve SAP \u00c7\u00f6z\u00fcmleri\" \/>\n<meta property=\"article:modified_time\" content=\"2022-09-19T20:11:10+00:00\" \/>\n<meta property=\"og:image\" content=\"https:\/\/www.sapphire.com.tr\/wp-content\/uploads\/2022\/08\/AdobeStock_375955044.jpeg\" \/>\n<meta name=\"twitter:card\" content=\"summary_large_image\" \/>\n<script type=\"application\/ld+json\" class=\"yoast-schema-graph\">{\"@context\":\"https:\/\/schema.org\",\"@graph\":[{\"@type\":\"WebPage\",\"@id\":\"https:\/\/www.sapphire.com.tr\/en\/career\/\",\"url\":\"https:\/\/www.sapphire.com.tr\/en\/career\/\",\"name\":\"Career - Sapphire SAP Dan\u0131\u015fmanl\u0131k ve SAP \u00c7\u00f6z\u00fcmleri\",\"isPartOf\":{\"@id\":\"https:\/\/www.sapphire.com.tr\/en\/#website\"},\"primaryImageOfPage\":{\"@id\":\"https:\/\/www.sapphire.com.tr\/en\/career\/#primaryimage\"},\"image\":{\"@id\":\"https:\/\/www.sapphire.com.tr\/en\/career\/#primaryimage\"},\"thumbnailUrl\":\"https:\/\/www.sapphire.com.tr\/wp-content\/uploads\/2022\/08\/AdobeStock_375955044.jpeg\",\"datePublished\":\"2022-08-07T09:23:58+00:00\",\"dateModified\":\"2022-09-19T20:11:10+00:00\",\"breadcrumb\":{\"@id\":\"https:\/\/www.sapphire.com.tr\/en\/career\/#breadcrumb\"},\"inLanguage\":\"en-US\",\"potentialAction\":[{\"@type\":\"ReadAction\",\"target\":[\"https:\/\/www.sapphire.com.tr\/en\/career\/\"]}]},{\"@type\":\"ImageObject\",\"inLanguage\":\"en-US\",\"@id\":\"https:\/\/www.sapphire.com.tr\/en\/career\/#primaryimage\",\"url\":\"https:\/\/www.sapphire.com.tr\/wp-content\/uploads\/2022\/08\/AdobeStock_375955044.jpeg\",\"contentUrl\":\"https:\/\/www.sapphire.com.tr\/wp-content\/uploads\/2022\/08\/AdobeStock_375955044.jpeg\"},{\"@type\":\"BreadcrumbList\",\"@id\":\"https:\/\/www.sapphire.com.tr\/en\/career\/#breadcrumb\",\"itemListElement\":[{\"@type\":\"ListItem\",\"position\":1,\"name\":\"Anasayfa\",\"item\":\"https:\/\/www.sapphire.com.tr\/en\/sapphire-consulting\/\"},{\"@type\":\"ListItem\",\"position\":2,\"name\":\"Career\"}]},{\"@type\":\"WebSite\",\"@id\":\"https:\/\/www.sapphire.com.tr\/en\/#website\",\"url\":\"https:\/\/www.sapphire.com.tr\/en\/\",\"name\":\"Sapphire SAP Dan\u0131\u015fmanl\u0131k ve SAP \u00c7\u00f6z\u00fcmleri\",\"description\":\"SAP Dan\u0131\u015fmanl\u0131k ve SAP \u00c7\u00f6z\u00fcmleri\",\"publisher\":{\"@id\":\"https:\/\/www.sapphire.com.tr\/en\/#organization\"},\"potentialAction\":[{\"@type\":\"SearchAction\",\"target\":{\"@type\":\"EntryPoint\",\"urlTemplate\":\"https:\/\/www.sapphire.com.tr\/en\/?s={search_term_string}\"},\"query-input\":{\"@type\":\"PropertyValueSpecification\",\"valueRequired\":true,\"valueName\":\"search_term_string\"}}],\"inLanguage\":\"en-US\"},{\"@type\":\"Organization\",\"@id\":\"https:\/\/www.sapphire.com.tr\/en\/#organization\",\"name\":\"Sapphire SAP Dan\u0131\u015fmanl\u0131k ve SAP \u00c7\u00f6z\u00fcmleri\",\"url\":\"https:\/\/www.sapphire.com.tr\/en\/\",\"logo\":{\"@type\":\"ImageObject\",\"inLanguage\":\"en-US\",\"@id\":\"https:\/\/www.sapphire.com.tr\/en\/#\/schema\/logo\/image\/\",\"url\":\"https:\/\/www.sapphire.com.tr\/wp-content\/uploads\/2022\/08\/sapphire-sap-danismanlik-logo-opt.svg\",\"contentUrl\":\"https:\/\/www.sapphire.com.tr\/wp-content\/uploads\/2022\/08\/sapphire-sap-danismanlik-logo-opt.svg\",\"caption\":\"Sapphire SAP Dan\u0131\u015fmanl\u0131k ve SAP \u00c7\u00f6z\u00fcmleri\"},\"image\":{\"@id\":\"https:\/\/www.sapphire.com.tr\/en\/#\/schema\/logo\/image\/\"}}]}<\/script>\n<!-- \/ Yoast SEO plugin. -->","yoast_head_json":{"title":"Career - Sapphire SAP Dan\u0131\u015fmanl\u0131k ve SAP \u00c7\u00f6z\u00fcmleri","robots":{"index":"index","follow":"follow","max-snippet":"max-snippet:-1","max-image-preview":"max-image-preview:large","max-video-preview":"max-video-preview:-1"},"canonical":"https:\/\/www.sapphire.com.tr\/en\/career\/","og_locale":"en_US","og_type":"article","og_title":"Career - Sapphire SAP Dan\u0131\u015fmanl\u0131k ve SAP \u00c7\u00f6z\u00fcmleri","og_description":"Submit Your Resume We are waiting for you to share your experiences with us and add more experience to our team. Our most valuable asset is our colleagues. SAP Consultancy is a long but exciting journey. If you are interested in solving customer needs that change every day, if you are determined for \u201ckeep learning [&hellip;]","og_url":"https:\/\/www.sapphire.com.tr\/en\/career\/","og_site_name":"Sapphire SAP Dan\u0131\u015fmanl\u0131k ve SAP \u00c7\u00f6z\u00fcmleri","article_modified_time":"2022-09-19T20:11:10+00:00","og_image":[{"url":"https:\/\/www.sapphire.com.tr\/wp-content\/uploads\/2022\/08\/AdobeStock_375955044.jpeg","type":"","width":"","height":""}],"twitter_card":"summary_large_image","schema":{"@context":"https:\/\/schema.org","@graph":[{"@type":"WebPage","@id":"https:\/\/www.sapphire.com.tr\/en\/career\/","url":"https:\/\/www.sapphire.com.tr\/en\/career\/","name":"Career - Sapphire SAP Dan\u0131\u015fmanl\u0131k ve SAP \u00c7\u00f6z\u00fcmleri","isPartOf":{"@id":"https:\/\/www.sapphire.com.tr\/en\/#website"},"primaryImageOfPage":{"@id":"https:\/\/www.sapphire.com.tr\/en\/career\/#primaryimage"},"image":{"@id":"https:\/\/www.sapphire.com.tr\/en\/career\/#primaryimage"},"thumbnailUrl":"https:\/\/www.sapphire.com.tr\/wp-content\/uploads\/2022\/08\/AdobeStock_375955044.jpeg","datePublished":"2022-08-07T09:23:58+00:00","dateModified":"2022-09-19T20:11:10+00:00","breadcrumb":{"@id":"https:\/\/www.sapphire.com.tr\/en\/career\/#breadcrumb"},"inLanguage":"en-US","potentialAction":[{"@type":"ReadAction","target":["https:\/\/www.sapphire.com.tr\/en\/career\/"]}]},{"@type":"ImageObject","inLanguage":"en-US","@id":"https:\/\/www.sapphire.com.tr\/en\/career\/#primaryimage","url":"https:\/\/www.sapphire.com.tr\/wp-content\/uploads\/2022\/08\/AdobeStock_375955044.jpeg","contentUrl":"https:\/\/www.sapphire.com.tr\/wp-content\/uploads\/2022\/08\/AdobeStock_375955044.jpeg"},{"@type":"BreadcrumbList","@id":"https:\/\/www.sapphire.com.tr\/en\/career\/#breadcrumb","itemListElement":[{"@type":"ListItem","position":1,"name":"Anasayfa","item":"https:\/\/www.sapphire.com.tr\/en\/sapphire-consulting\/"},{"@type":"ListItem","position":2,"name":"Career"}]},{"@type":"WebSite","@id":"https:\/\/www.sapphire.com.tr\/en\/#website","url":"https:\/\/www.sapphire.com.tr\/en\/","name":"Sapphire SAP Dan\u0131\u015fmanl\u0131k ve SAP \u00c7\u00f6z\u00fcmleri","description":"SAP Dan\u0131\u015fmanl\u0131k ve SAP \u00c7\u00f6z\u00fcmleri","publisher":{"@id":"https:\/\/www.sapphire.com.tr\/en\/#organization"},"potentialAction":[{"@type":"SearchAction","target":{"@type":"EntryPoint","urlTemplate":"https:\/\/www.sapphire.com.tr\/en\/?s={search_term_string}"},"query-input":{"@type":"PropertyValueSpecification","valueRequired":true,"valueName":"search_term_string"}}],"inLanguage":"en-US"},{"@type":"Organization","@id":"https:\/\/www.sapphire.com.tr\/en\/#organization","name":"Sapphire SAP Dan\u0131\u015fmanl\u0131k ve SAP \u00c7\u00f6z\u00fcmleri","url":"https:\/\/www.sapphire.com.tr\/en\/","logo":{"@type":"ImageObject","inLanguage":"en-US","@id":"https:\/\/www.sapphire.com.tr\/en\/#\/schema\/logo\/image\/","url":"https:\/\/www.sapphire.com.tr\/wp-content\/uploads\/2022\/08\/sapphire-sap-danismanlik-logo-opt.svg","contentUrl":"https:\/\/www.sapphire.com.tr\/wp-content\/uploads\/2022\/08\/sapphire-sap-danismanlik-logo-opt.svg","caption":"Sapphire SAP Dan\u0131\u015fmanl\u0131k ve SAP \u00c7\u00f6z\u00fcmleri"},"image":{"@id":"https:\/\/www.sapphire.com.tr\/en\/#\/schema\/logo\/image\/"}}]}},"_links":{"self":[{"href":"https:\/\/www.sapphire.com.tr\/en\/wp-json\/wp\/v2\/pages\/820","targetHints":{"allow":["GET"]}}],"collection":[{"href":"https:\/\/www.sapphire.com.tr\/en\/wp-json\/wp\/v2\/pages"}],"about":[{"href":"https:\/\/www.sapphire.com.tr\/en\/wp-json\/wp\/v2\/types\/page"}],"author":[{"embeddable":true,"href":"https:\/\/www.sapphire.com.tr\/en\/wp-json\/wp\/v2\/users\/1"}],"replies":[{"embeddable":true,"href":"https:\/\/www.sapphire.com.tr\/en\/wp-json\/wp\/v2\/comments?post=820"}],"version-history":[{"count":3,"href":"https:\/\/www.sapphire.com.tr\/en\/wp-json\/wp\/v2\/pages\/820\/revisions"}],"predecessor-version":[{"id":823,"href":"https:\/\/www.sapphire.com.tr\/en\/wp-json\/wp\/v2\/pages\/820\/revisions\/823"}],"wp:attachment":[{"href":"https:\/\/www.sapphire.com.tr\/en\/wp-json\/wp\/v2\/media?parent=820"}],"curies":[{"name":"wp","href":"https:\/\/api.w.org\/{rel}","templated":true}]}}