{"id":830,"date":"2022-08-06T12:41:20","date_gmt":"2022-08-06T09:41:20","guid":{"rendered":"https:\/\/www.sapphire.com.tr\/about-us\/"},"modified":"2022-09-19T23:10:52","modified_gmt":"2022-09-19T20:10:52","slug":"about-us","status":"publish","type":"page","link":"https:\/\/www.sapphire.com.tr\/en\/about-us\/","title":{"rendered":"About us"},"content":{"rendered":"\t\t<div data-elementor-type=\"wp-page\" data-elementor-id=\"830\" class=\"elementor elementor-830 elementor-91\" data-elementor-post-type=\"page\">\n\t\t\t\t\t\t<section class=\"elementor-section elementor-top-section elementor-element elementor-element-638e4d64 elementor-section-full_width elementor-section-height-default elementor-section-height-default\" data-id=\"638e4d64\" data-element_type=\"section\" data-settings=\"{&quot;background_background&quot;:&quot;classic&quot;}\">\n\t\t\t\t\t\t<div class=\"elementor-container elementor-column-gap-no\">\n\t\t\t\t\t<div class=\"elementor-column elementor-col-100 elementor-top-column elementor-element elementor-element-1d74a734\" data-id=\"1d74a734\" data-element_type=\"column\">\n\t\t\t<div class=\"elementor-widget-wrap elementor-element-populated\">\n\t\t\t\t\t\t<section class=\"elementor-section elementor-inner-section elementor-element elementor-element-440c24ac elementor-section-full_width elementor-reverse-mobile elementor-section-height-default elementor-section-height-default\" data-id=\"440c24ac\" data-element_type=\"section\">\n\t\t\t\t\t\t<div class=\"elementor-container elementor-column-gap-no\">\n\t\t\t\t\t<div class=\"elementor-column elementor-col-50 elementor-inner-column elementor-element elementor-element-7d148253 elementor-hidden-phone\" data-id=\"7d148253\" data-element_type=\"column\">\n\t\t\t<div class=\"elementor-widget-wrap\">\n\t\t\t\t\t\t\t<\/div>\n\t\t<\/div>\n\t\t\t\t<div class=\"elementor-column elementor-col-50 elementor-inner-column elementor-element elementor-element-27875c0f\" data-id=\"27875c0f\" data-element_type=\"column\">\n\t\t\t<div class=\"elementor-widget-wrap elementor-element-populated\">\n\t\t\t\t\t\t<div class=\"elementor-element elementor-element-6fca55fb elementor-hidden-phone elementor-widget elementor-widget-image\" data-id=\"6fca55fb\" data-element_type=\"widget\" data-settings=\"{&quot;_animation&quot;:&quot;none&quot;,&quot;_animation_delay&quot;:300}\" data-widget_type=\"image.default\">\n\t\t\t\t<div class=\"elementor-widget-container\">\n\t\t\t\t\t\t\t\t\t\t\t\t\t\t\t<img fetchpriority=\"high\" decoding=\"async\" width=\"800\" height=\"227\" src=\"https:\/\/www.sapphire.com.tr\/wp-content\/uploads\/2022\/08\/ozel-ofis-banner-1024x290.jpg\" class=\"attachment-large size-large wp-image-767\" alt=\"\" srcset=\"https:\/\/www.sapphire.com.tr\/wp-content\/uploads\/2022\/08\/ozel-ofis-banner-1024x290.jpg 1024w, https:\/\/www.sapphire.com.tr\/wp-content\/uploads\/2022\/08\/ozel-ofis-banner-300x85.jpg 300w, https:\/\/www.sapphire.com.tr\/wp-content\/uploads\/2022\/08\/ozel-ofis-banner-768x218.jpg 768w, https:\/\/www.sapphire.com.tr\/wp-content\/uploads\/2022\/08\/ozel-ofis-banner-1536x435.jpg 1536w, https:\/\/www.sapphire.com.tr\/wp-content\/uploads\/2022\/08\/ozel-ofis-banner-2048x580.jpg 2048w\" sizes=\"(max-width: 800px) 100vw, 800px\" \/>\t\t\t\t\t\t\t\t\t\t\t\t\t\t\t<\/div>\n\t\t\t\t<\/div>\n\t\t\t\t\t<\/div>\n\t\t<\/div>\n\t\t\t\t\t<\/div>\n\t\t<\/section>\n\t\t\t\t\t<\/div>\n\t\t<\/div>\n\t\t\t\t\t<\/div>\n\t\t<\/section>\n\t\t\t\t<section class=\"elementor-section elementor-top-section elementor-element elementor-element-15219959 elementor-section-height-min-height elementor-section-content-middle elementor-section-boxed elementor-section-height-default elementor-section-items-middle\" data-id=\"15219959\" data-element_type=\"section\" data-settings=\"{&quot;background_background&quot;:&quot;gradient&quot;}\">\n\t\t\t\t\t\t<div class=\"elementor-container elementor-column-gap-no\">\n\t\t\t\t\t<div class=\"elementor-column elementor-col-100 elementor-top-column elementor-element elementor-element-435bd9d4\" data-id=\"435bd9d4\" data-element_type=\"column\">\n\t\t\t<div class=\"elementor-widget-wrap elementor-element-populated\">\n\t\t\t\t\t\t\t<\/div>\n\t\t<\/div>\n\t\t\t\t\t<\/div>\n\t\t<\/section>\n\t\t\t\t<section class=\"elementor-section elementor-top-section elementor-element elementor-element-4dcba9f6 elementor-section-boxed elementor-section-height-default elementor-section-height-default\" data-id=\"4dcba9f6\" data-element_type=\"section\">\n\t\t\t\t\t\t<div class=\"elementor-container elementor-column-gap-default\">\n\t\t\t\t\t<div class=\"elementor-column elementor-col-50 elementor-top-column elementor-element elementor-element-24e23df9\" data-id=\"24e23df9\" data-element_type=\"column\">\n\t\t\t<div class=\"elementor-widget-wrap elementor-element-populated\">\n\t\t\t\t\t\t<div class=\"elementor-element elementor-element-5e81dc4 elementor-widget elementor-widget-heading\" data-id=\"5e81dc4\" data-element_type=\"widget\" data-widget_type=\"heading.default\">\n\t\t\t\t<div class=\"elementor-widget-container\">\n\t\t\t\t\t<h2 class=\"elementor-heading-title elementor-size-default\">Sapphire SAP Consultancy and <br>SAP Solutions<\/h2>\t\t\t\t<\/div>\n\t\t\t\t<\/div>\n\t\t\t\t<div class=\"elementor-element elementor-element-53b0aaf elementor-widget elementor-widget-text-editor\" data-id=\"53b0aaf\" data-element_type=\"widget\" data-widget_type=\"text-editor.default\">\n\t\t\t\t<div class=\"elementor-widget-container\">\n\t\t\t\t\t\t\t\t\t<p>Sapphire Consultancy was established in 2007 to provide services in all SAP processes and ABAP software development issues. It is a consultancy company that aims to provide high-quality and qualified service to its customers with a team with more than 20 years of individual experience.<\/p>\n<p>The trust-based relationships we have established with our business partners and customers and the successful projects we have completed are our biggest references. We aim to maximize our customer satisfaction with mutual trust and understanding that we maintain under all circumstances.<\/p>\n\t\t\t\t\t\t\t\t<\/div>\n\t\t\t\t<\/div>\n\t\t\t\t<div class=\"elementor-element elementor-element-e186b4c elementor-widget elementor-widget-heading\" data-id=\"e186b4c\" data-element_type=\"widget\" data-widget_type=\"heading.default\">\n\t\t\t\t<div class=\"elementor-widget-container\">\n\t\t\t\t\t<h3 class=\"elementor-heading-title elementor-size-default\">SAP Consultancy<\/h3>\t\t\t\t<\/div>\n\t\t\t\t<\/div>\n\t\t\t\t<div class=\"elementor-element elementor-element-b6621a9 elementor-widget elementor-widget-text-editor\" data-id=\"b6621a9\" data-element_type=\"widget\" data-widget_type=\"text-editor.default\">\n\t\t\t\t<div class=\"elementor-widget-container\">\n\t\t\t\t\t\t\t\t\t<p>The conceptual design and solution prototype we have created according to the process analysis we have made by taking into account your prospective requirements is our roadmap. We guarantee that your SAP process will run smoothly and for a long time with implementation of standard SAP solutions or where they are not sufficient through special solutions that we have prepared with our past experience and competence.<\/p>\n<p><\/p>\t\t\t\t\t\t\t\t<\/div>\n\t\t\t\t<\/div>\n\t\t\t\t<div class=\"elementor-element elementor-element-50b357d elementor-widget elementor-widget-heading\" data-id=\"50b357d\" data-element_type=\"widget\" data-widget_type=\"heading.default\">\n\t\t\t\t<div class=\"elementor-widget-container\">\n\t\t\t\t\t<h3 class=\"elementor-heading-title elementor-size-default\">SAP Support Service<\/h3>\t\t\t\t<\/div>\n\t\t\t\t<\/div>\n\t\t\t\t<div class=\"elementor-element elementor-element-660552a elementor-widget elementor-widget-text-editor\" data-id=\"660552a\" data-element_type=\"widget\" data-widget_type=\"text-editor.default\">\n\t\t\t\t<div class=\"elementor-widget-container\">\n\t\t\t\t\t\t\t\t\t<p>We provide all kinds of new processes and software support that you need according to the changing and developing technologies for all your SAP processes that you are using.<\/p>\n\t\t\t\t\t\t\t\t<\/div>\n\t\t\t\t<\/div>\n\t\t\t\t<div class=\"elementor-element elementor-element-64f4b27 elementor-widget elementor-widget-heading\" data-id=\"64f4b27\" data-element_type=\"widget\" data-widget_type=\"heading.default\">\n\t\t\t\t<div class=\"elementor-widget-container\">\n\t\t\t\t\t<h3 class=\"elementor-heading-title elementor-size-default\">SAP Training<\/h3>\t\t\t\t<\/div>\n\t\t\t\t<\/div>\n\t\t\t\t<div class=\"elementor-element elementor-element-52bc1ee elementor-widget elementor-widget-text-editor\" data-id=\"52bc1ee\" data-element_type=\"widget\" data-widget_type=\"text-editor.default\">\n\t\t\t\t<div class=\"elementor-widget-container\">\n\t\t\t\t\t\t\t\t\t<p>With the training support we offer at all levels, we share our experience and knowledge to help you use SAP solutions in the most effective way in your processes.<\/p>\n\t\t\t\t\t\t\t\t<\/div>\n\t\t\t\t<\/div>\n\t\t\t\t\t<\/div>\n\t\t<\/div>\n\t\t\t\t<div class=\"elementor-column elementor-col-50 elementor-top-column elementor-element elementor-element-3a0eec14\" data-id=\"3a0eec14\" data-element_type=\"column\">\n\t\t\t<div class=\"elementor-widget-wrap elementor-element-populated\">\n\t\t\t\t\t\t<div class=\"elementor-element elementor-element-4d7a456b elementor-widget elementor-widget-image\" data-id=\"4d7a456b\" data-element_type=\"widget\" data-widget_type=\"image.default\">\n\t\t\t\t<div class=\"elementor-widget-container\">\n\t\t\t\t\t\t\t\t\t\t\t\t\t\t\t<img decoding=\"async\" width=\"640\" height=\"427\" src=\"https:\/\/www.sapphire.com.tr\/wp-content\/uploads\/2022\/08\/AdobeStock_203752271.jpeg\" class=\"attachment-large size-large wp-image-802\" alt=\"\" srcset=\"https:\/\/www.sapphire.com.tr\/wp-content\/uploads\/2022\/08\/AdobeStock_203752271.jpeg 640w, https:\/\/www.sapphire.com.tr\/wp-content\/uploads\/2022\/08\/AdobeStock_203752271-300x200.jpeg 300w\" sizes=\"(max-width: 640px) 100vw, 640px\" \/>\t\t\t\t\t\t\t\t\t\t\t\t\t\t\t<\/div>\n\t\t\t\t<\/div>\n\t\t\t\t<section class=\"elementor-section elementor-inner-section elementor-element elementor-element-20b6e9af elementor-section-boxed elementor-section-height-default elementor-section-height-default\" data-id=\"20b6e9af\" data-element_type=\"section\">\n\t\t\t\t\t\t<div class=\"elementor-container elementor-column-gap-default\">\n\t\t\t\t\t<div class=\"elementor-column elementor-col-50 elementor-inner-column elementor-element elementor-element-6a0dcca8\" data-id=\"6a0dcca8\" data-element_type=\"column\" data-settings=\"{&quot;background_background&quot;:&quot;classic&quot;}\">\n\t\t\t<div class=\"elementor-widget-wrap elementor-element-populated\">\n\t\t\t\t\t\t<div class=\"elementor-element elementor-element-34b5d09 elementor-widget elementor-widget-counter\" data-id=\"34b5d09\" data-element_type=\"widget\" data-widget_type=\"counter.default\">\n\t\t\t\t<div class=\"elementor-widget-container\">\n\t\t\t\t\t\t\t<div class=\"elementor-counter\">\n\t\t\t<div class=\"elementor-counter-title\">Successful Project<\/div>\t\t\t<div class=\"elementor-counter-number-wrapper\">\n\t\t\t\t<span class=\"elementor-counter-number-prefix\"><\/span>\n\t\t\t\t<span class=\"elementor-counter-number\" data-duration=\"2000\" data-to-value=\"100\" data-from-value=\"0\" data-delimiter=\",\">0<\/span>\n\t\t\t\t<span class=\"elementor-counter-number-suffix\">+<\/span>\n\t\t\t<\/div>\n\t\t<\/div>\n\t\t\t\t\t\t<\/div>\n\t\t\t\t<\/div>\n\t\t\t\t\t<\/div>\n\t\t<\/div>\n\t\t\t\t<div class=\"elementor-column elementor-col-50 elementor-inner-column elementor-element elementor-element-71a757f9\" data-id=\"71a757f9\" data-element_type=\"column\" data-settings=\"{&quot;background_background&quot;:&quot;classic&quot;}\">\n\t\t\t<div class=\"elementor-widget-wrap elementor-element-populated\">\n\t\t\t\t\t\t<div class=\"elementor-element elementor-element-7b0a168 elementor-widget elementor-widget-counter\" data-id=\"7b0a168\" data-element_type=\"widget\" data-widget_type=\"counter.default\">\n\t\t\t\t<div class=\"elementor-widget-container\">\n\t\t\t\t\t\t\t<div class=\"elementor-counter\">\n\t\t\t<div class=\"elementor-counter-title\">Happy Customer<\/div>\t\t\t<div class=\"elementor-counter-number-wrapper\">\n\t\t\t\t<span class=\"elementor-counter-number-prefix\"><\/span>\n\t\t\t\t<span class=\"elementor-counter-number\" data-duration=\"2000\" data-to-value=\"50\" data-from-value=\"0\" data-delimiter=\",\">0<\/span>\n\t\t\t\t<span class=\"elementor-counter-number-suffix\">+<\/span>\n\t\t\t<\/div>\n\t\t<\/div>\n\t\t\t\t\t\t<\/div>\n\t\t\t\t<\/div>\n\t\t\t\t\t<\/div>\n\t\t<\/div>\n\t\t\t\t\t<\/div>\n\t\t<\/section>\n\t\t\t\t<div class=\"elementor-element elementor-element-70263f6 elementor-widget elementor-widget-spacer\" data-id=\"70263f6\" data-element_type=\"widget\" data-widget_type=\"spacer.default\">\n\t\t\t\t<div class=\"elementor-widget-container\">\n\t\t\t\t\t\t\t<div class=\"elementor-spacer\">\n\t\t\t<div class=\"elementor-spacer-inner\"><\/div>\n\t\t<\/div>\n\t\t\t\t\t\t<\/div>\n\t\t\t\t<\/div>\n\t\t\t\t\t<\/div>\n\t\t<\/div>\n\t\t\t\t\t<\/div>\n\t\t<\/section>\n\t\t\t\t<\/div>\n\t\t","protected":false},"excerpt":{"rendered":"<p>Sapphire SAP Consultancy and SAP Solutions Sapphire Consultancy was established in 2007 to provide services in all SAP processes and ABAP software development issues. It is a consultancy company that aims to provide high-quality and qualified service to its customers with a team with more than 20 years of individual experience. The trust-based relationships we [&hellip;]<\/p>\n","protected":false},"author":1,"featured_media":0,"parent":0,"menu_order":0,"comment_status":"closed","ping_status":"closed","template":"elementor_header_footer","meta":{"footnotes":""},"class_list":["post-830","page","type-page","status-publish","hentry"],"yoast_head":"<!-- This site is optimized with the Yoast SEO plugin v26.5 - https:\/\/yoast.com\/wordpress\/plugins\/seo\/ -->\n<title>About us - Sapphire SAP Dan\u0131\u015fmanl\u0131k ve SAP \u00c7\u00f6z\u00fcmleri<\/title>\n<meta name=\"robots\" content=\"index, follow, max-snippet:-1, max-image-preview:large, max-video-preview:-1\" \/>\n<link rel=\"canonical\" href=\"https:\/\/www.sapphire.com.tr\/en\/about-us\/\" \/>\n<meta property=\"og:locale\" content=\"en_US\" \/>\n<meta property=\"og:type\" content=\"article\" \/>\n<meta property=\"og:title\" content=\"About us - Sapphire SAP Dan\u0131\u015fmanl\u0131k ve SAP \u00c7\u00f6z\u00fcmleri\" \/>\n<meta property=\"og:description\" content=\"Sapphire SAP Consultancy and SAP Solutions Sapphire Consultancy was established in 2007 to provide services in all SAP processes and ABAP software development issues. It is a consultancy company that aims to provide high-quality and qualified service to its customers with a team with more than 20 years of individual experience. The trust-based relationships we [&hellip;]\" \/>\n<meta property=\"og:url\" content=\"https:\/\/www.sapphire.com.tr\/en\/about-us\/\" \/>\n<meta property=\"og:site_name\" content=\"Sapphire SAP Dan\u0131\u015fmanl\u0131k ve SAP \u00c7\u00f6z\u00fcmleri\" \/>\n<meta property=\"article:modified_time\" content=\"2022-09-19T20:10:52+00:00\" \/>\n<meta property=\"og:image\" content=\"https:\/\/www.sapphire.com.tr\/wp-content\/uploads\/2022\/08\/ozel-ofis-banner-1024x290.jpg\" \/>\n<meta name=\"twitter:card\" content=\"summary_large_image\" \/>\n<script type=\"application\/ld+json\" class=\"yoast-schema-graph\">{\"@context\":\"https:\/\/schema.org\",\"@graph\":[{\"@type\":\"WebPage\",\"@id\":\"https:\/\/www.sapphire.com.tr\/en\/about-us\/\",\"url\":\"https:\/\/www.sapphire.com.tr\/en\/about-us\/\",\"name\":\"About us - Sapphire SAP Dan\u0131\u015fmanl\u0131k ve SAP \u00c7\u00f6z\u00fcmleri\",\"isPartOf\":{\"@id\":\"https:\/\/www.sapphire.com.tr\/en\/#website\"},\"primaryImageOfPage\":{\"@id\":\"https:\/\/www.sapphire.com.tr\/en\/about-us\/#primaryimage\"},\"image\":{\"@id\":\"https:\/\/www.sapphire.com.tr\/en\/about-us\/#primaryimage\"},\"thumbnailUrl\":\"https:\/\/www.sapphire.com.tr\/wp-content\/uploads\/2022\/08\/ozel-ofis-banner-1024x290.jpg\",\"datePublished\":\"2022-08-06T09:41:20+00:00\",\"dateModified\":\"2022-09-19T20:10:52+00:00\",\"breadcrumb\":{\"@id\":\"https:\/\/www.sapphire.com.tr\/en\/about-us\/#breadcrumb\"},\"inLanguage\":\"en-US\",\"potentialAction\":[{\"@type\":\"ReadAction\",\"target\":[\"https:\/\/www.sapphire.com.tr\/en\/about-us\/\"]}]},{\"@type\":\"ImageObject\",\"inLanguage\":\"en-US\",\"@id\":\"https:\/\/www.sapphire.com.tr\/en\/about-us\/#primaryimage\",\"url\":\"https:\/\/www.sapphire.com.tr\/wp-content\/uploads\/2022\/08\/ozel-ofis-banner-1024x290.jpg\",\"contentUrl\":\"https:\/\/www.sapphire.com.tr\/wp-content\/uploads\/2022\/08\/ozel-ofis-banner-1024x290.jpg\"},{\"@type\":\"BreadcrumbList\",\"@id\":\"https:\/\/www.sapphire.com.tr\/en\/about-us\/#breadcrumb\",\"itemListElement\":[{\"@type\":\"ListItem\",\"position\":1,\"name\":\"Anasayfa\",\"item\":\"https:\/\/www.sapphire.com.tr\/en\/sapphire-consulting\/\"},{\"@type\":\"ListItem\",\"position\":2,\"name\":\"About us\"}]},{\"@type\":\"WebSite\",\"@id\":\"https:\/\/www.sapphire.com.tr\/en\/#website\",\"url\":\"https:\/\/www.sapphire.com.tr\/en\/\",\"name\":\"Sapphire SAP Dan\u0131\u015fmanl\u0131k ve SAP \u00c7\u00f6z\u00fcmleri\",\"description\":\"SAP Dan\u0131\u015fmanl\u0131k ve SAP \u00c7\u00f6z\u00fcmleri\",\"publisher\":{\"@id\":\"https:\/\/www.sapphire.com.tr\/en\/#organization\"},\"potentialAction\":[{\"@type\":\"SearchAction\",\"target\":{\"@type\":\"EntryPoint\",\"urlTemplate\":\"https:\/\/www.sapphire.com.tr\/en\/?s={search_term_string}\"},\"query-input\":{\"@type\":\"PropertyValueSpecification\",\"valueRequired\":true,\"valueName\":\"search_term_string\"}}],\"inLanguage\":\"en-US\"},{\"@type\":\"Organization\",\"@id\":\"https:\/\/www.sapphire.com.tr\/en\/#organization\",\"name\":\"Sapphire SAP Dan\u0131\u015fmanl\u0131k ve SAP \u00c7\u00f6z\u00fcmleri\",\"url\":\"https:\/\/www.sapphire.com.tr\/en\/\",\"logo\":{\"@type\":\"ImageObject\",\"inLanguage\":\"en-US\",\"@id\":\"https:\/\/www.sapphire.com.tr\/en\/#\/schema\/logo\/image\/\",\"url\":\"https:\/\/www.sapphire.com.tr\/wp-content\/uploads\/2022\/08\/sapphire-sap-danismanlik-logo-opt.svg\",\"contentUrl\":\"https:\/\/www.sapphire.com.tr\/wp-content\/uploads\/2022\/08\/sapphire-sap-danismanlik-logo-opt.svg\",\"caption\":\"Sapphire SAP Dan\u0131\u015fmanl\u0131k ve SAP \u00c7\u00f6z\u00fcmleri\"},\"image\":{\"@id\":\"https:\/\/www.sapphire.com.tr\/en\/#\/schema\/logo\/image\/\"}}]}<\/script>\n<!-- \/ Yoast SEO plugin. -->","yoast_head_json":{"title":"About us - Sapphire SAP Dan\u0131\u015fmanl\u0131k ve SAP \u00c7\u00f6z\u00fcmleri","robots":{"index":"index","follow":"follow","max-snippet":"max-snippet:-1","max-image-preview":"max-image-preview:large","max-video-preview":"max-video-preview:-1"},"canonical":"https:\/\/www.sapphire.com.tr\/en\/about-us\/","og_locale":"en_US","og_type":"article","og_title":"About us - Sapphire SAP Dan\u0131\u015fmanl\u0131k ve SAP \u00c7\u00f6z\u00fcmleri","og_description":"Sapphire SAP Consultancy and SAP Solutions Sapphire Consultancy was established in 2007 to provide services in all SAP processes and ABAP software development issues. It is a consultancy company that aims to provide high-quality and qualified service to its customers with a team with more than 20 years of individual experience. The trust-based relationships we [&hellip;]","og_url":"https:\/\/www.sapphire.com.tr\/en\/about-us\/","og_site_name":"Sapphire SAP Dan\u0131\u015fmanl\u0131k ve SAP \u00c7\u00f6z\u00fcmleri","article_modified_time":"2022-09-19T20:10:52+00:00","og_image":[{"url":"https:\/\/www.sapphire.com.tr\/wp-content\/uploads\/2022\/08\/ozel-ofis-banner-1024x290.jpg","type":"","width":"","height":""}],"twitter_card":"summary_large_image","schema":{"@context":"https:\/\/schema.org","@graph":[{"@type":"WebPage","@id":"https:\/\/www.sapphire.com.tr\/en\/about-us\/","url":"https:\/\/www.sapphire.com.tr\/en\/about-us\/","name":"About us - Sapphire SAP Dan\u0131\u015fmanl\u0131k ve SAP \u00c7\u00f6z\u00fcmleri","isPartOf":{"@id":"https:\/\/www.sapphire.com.tr\/en\/#website"},"primaryImageOfPage":{"@id":"https:\/\/www.sapphire.com.tr\/en\/about-us\/#primaryimage"},"image":{"@id":"https:\/\/www.sapphire.com.tr\/en\/about-us\/#primaryimage"},"thumbnailUrl":"https:\/\/www.sapphire.com.tr\/wp-content\/uploads\/2022\/08\/ozel-ofis-banner-1024x290.jpg","datePublished":"2022-08-06T09:41:20+00:00","dateModified":"2022-09-19T20:10:52+00:00","breadcrumb":{"@id":"https:\/\/www.sapphire.com.tr\/en\/about-us\/#breadcrumb"},"inLanguage":"en-US","potentialAction":[{"@type":"ReadAction","target":["https:\/\/www.sapphire.com.tr\/en\/about-us\/"]}]},{"@type":"ImageObject","inLanguage":"en-US","@id":"https:\/\/www.sapphire.com.tr\/en\/about-us\/#primaryimage","url":"https:\/\/www.sapphire.com.tr\/wp-content\/uploads\/2022\/08\/ozel-ofis-banner-1024x290.jpg","contentUrl":"https:\/\/www.sapphire.com.tr\/wp-content\/uploads\/2022\/08\/ozel-ofis-banner-1024x290.jpg"},{"@type":"BreadcrumbList","@id":"https:\/\/www.sapphire.com.tr\/en\/about-us\/#breadcrumb","itemListElement":[{"@type":"ListItem","position":1,"name":"Anasayfa","item":"https:\/\/www.sapphire.com.tr\/en\/sapphire-consulting\/"},{"@type":"ListItem","position":2,"name":"About us"}]},{"@type":"WebSite","@id":"https:\/\/www.sapphire.com.tr\/en\/#website","url":"https:\/\/www.sapphire.com.tr\/en\/","name":"Sapphire SAP Dan\u0131\u015fmanl\u0131k ve SAP \u00c7\u00f6z\u00fcmleri","description":"SAP Dan\u0131\u015fmanl\u0131k ve SAP \u00c7\u00f6z\u00fcmleri","publisher":{"@id":"https:\/\/www.sapphire.com.tr\/en\/#organization"},"potentialAction":[{"@type":"SearchAction","target":{"@type":"EntryPoint","urlTemplate":"https:\/\/www.sapphire.com.tr\/en\/?s={search_term_string}"},"query-input":{"@type":"PropertyValueSpecification","valueRequired":true,"valueName":"search_term_string"}}],"inLanguage":"en-US"},{"@type":"Organization","@id":"https:\/\/www.sapphire.com.tr\/en\/#organization","name":"Sapphire SAP Dan\u0131\u015fmanl\u0131k ve SAP \u00c7\u00f6z\u00fcmleri","url":"https:\/\/www.sapphire.com.tr\/en\/","logo":{"@type":"ImageObject","inLanguage":"en-US","@id":"https:\/\/www.sapphire.com.tr\/en\/#\/schema\/logo\/image\/","url":"https:\/\/www.sapphire.com.tr\/wp-content\/uploads\/2022\/08\/sapphire-sap-danismanlik-logo-opt.svg","contentUrl":"https:\/\/www.sapphire.com.tr\/wp-content\/uploads\/2022\/08\/sapphire-sap-danismanlik-logo-opt.svg","caption":"Sapphire SAP Dan\u0131\u015fmanl\u0131k ve SAP \u00c7\u00f6z\u00fcmleri"},"image":{"@id":"https:\/\/www.sapphire.com.tr\/en\/#\/schema\/logo\/image\/"}}]}},"_links":{"self":[{"href":"https:\/\/www.sapphire.com.tr\/en\/wp-json\/wp\/v2\/pages\/830","targetHints":{"allow":["GET"]}}],"collection":[{"href":"https:\/\/www.sapphire.com.tr\/en\/wp-json\/wp\/v2\/pages"}],"about":[{"href":"https:\/\/www.sapphire.com.tr\/en\/wp-json\/wp\/v2\/types\/page"}],"author":[{"embeddable":true,"href":"https:\/\/www.sapphire.com.tr\/en\/wp-json\/wp\/v2\/users\/1"}],"replies":[{"embeddable":true,"href":"https:\/\/www.sapphire.com.tr\/en\/wp-json\/wp\/v2\/comments?post=830"}],"version-history":[{"count":4,"href":"https:\/\/www.sapphire.com.tr\/en\/wp-json\/wp\/v2\/pages\/830\/revisions"}],"predecessor-version":[{"id":961,"href":"https:\/\/www.sapphire.com.tr\/en\/wp-json\/wp\/v2\/pages\/830\/revisions\/961"}],"wp:attachment":[{"href":"https:\/\/www.sapphire.com.tr\/en\/wp-json\/wp\/v2\/media?parent=830"}],"curies":[{"name":"wp","href":"https:\/\/api.w.org\/{rel}","templated":true}]}}