{"id":832,"date":"2022-08-07T12:20:47","date_gmt":"2022-08-07T09:20:47","guid":{"rendered":"https:\/\/www.sapphire.com.tr\/news\/"},"modified":"2022-09-19T23:10:42","modified_gmt":"2022-09-19T20:10:42","slug":"news","status":"publish","type":"page","link":"https:\/\/www.sapphire.com.tr\/en\/news\/","title":{"rendered":"News"},"content":{"rendered":"\t\t<div data-elementor-type=\"wp-page\" data-elementor-id=\"832\" class=\"elementor elementor-832 elementor-167\" data-elementor-post-type=\"page\">\n\t\t\t\t\t\t<section class=\"elementor-section elementor-top-section elementor-element elementor-element-49b25772 elementor-section-full_width elementor-section-height-default elementor-section-height-default\" data-id=\"49b25772\" data-element_type=\"section\" data-settings=\"{&quot;background_background&quot;:&quot;classic&quot;}\">\n\t\t\t\t\t\t<div class=\"elementor-container elementor-column-gap-no\">\n\t\t\t\t\t<div class=\"elementor-column elementor-col-100 elementor-top-column elementor-element elementor-element-26a1322f\" data-id=\"26a1322f\" data-element_type=\"column\">\n\t\t\t<div class=\"elementor-widget-wrap elementor-element-populated\">\n\t\t\t\t\t\t<section class=\"elementor-section elementor-inner-section elementor-element elementor-element-53e94ee1 elementor-section-full_width elementor-reverse-mobile elementor-section-height-default elementor-section-height-default\" data-id=\"53e94ee1\" data-element_type=\"section\">\n\t\t\t\t\t\t<div class=\"elementor-container elementor-column-gap-no\">\n\t\t\t\t\t<div class=\"elementor-column elementor-col-50 elementor-inner-column elementor-element elementor-element-6eff01a0 elementor-hidden-phone\" data-id=\"6eff01a0\" data-element_type=\"column\">\n\t\t\t<div class=\"elementor-widget-wrap\">\n\t\t\t\t\t\t\t<\/div>\n\t\t<\/div>\n\t\t\t\t<div class=\"elementor-column elementor-col-50 elementor-inner-column elementor-element elementor-element-b9f22ca\" data-id=\"b9f22ca\" data-element_type=\"column\">\n\t\t\t<div class=\"elementor-widget-wrap elementor-element-populated\">\n\t\t\t\t\t\t<div class=\"elementor-element elementor-element-6e71fcc3 elementor-hidden-phone elementor-widget elementor-widget-image\" data-id=\"6e71fcc3\" data-element_type=\"widget\" data-settings=\"{&quot;_animation&quot;:&quot;none&quot;,&quot;_animation_delay&quot;:300}\" data-widget_type=\"image.default\">\n\t\t\t\t<div class=\"elementor-widget-container\">\n\t\t\t\t\t\t\t\t\t\t\t\t\t\t\t<img fetchpriority=\"high\" decoding=\"async\" width=\"640\" height=\"427\" src=\"https:\/\/www.sapphire.com.tr\/wp-content\/uploads\/2022\/08\/AdobeStock_383185304.jpeg\" class=\"attachment-large size-large wp-image-794\" alt=\"\" srcset=\"https:\/\/www.sapphire.com.tr\/wp-content\/uploads\/2022\/08\/AdobeStock_383185304.jpeg 640w, https:\/\/www.sapphire.com.tr\/wp-content\/uploads\/2022\/08\/AdobeStock_383185304-300x200.jpeg 300w\" sizes=\"(max-width: 640px) 100vw, 640px\" \/>\t\t\t\t\t\t\t\t\t\t\t\t\t\t\t<\/div>\n\t\t\t\t<\/div>\n\t\t\t\t\t<\/div>\n\t\t<\/div>\n\t\t\t\t\t<\/div>\n\t\t<\/section>\n\t\t\t\t\t<\/div>\n\t\t<\/div>\n\t\t\t\t\t<\/div>\n\t\t<\/section>\n\t\t\t\t<section class=\"elementor-section elementor-top-section elementor-element elementor-element-1fc5f9f6 elementor-section-height-min-height elementor-section-content-middle elementor-section-boxed elementor-section-height-default elementor-section-items-middle\" data-id=\"1fc5f9f6\" data-element_type=\"section\" data-settings=\"{&quot;background_background&quot;:&quot;gradient&quot;}\">\n\t\t\t\t\t\t<div class=\"elementor-container elementor-column-gap-no\">\n\t\t\t\t\t<div class=\"elementor-column elementor-col-100 elementor-top-column elementor-element elementor-element-2c548736\" data-id=\"2c548736\" data-element_type=\"column\">\n\t\t\t<div class=\"elementor-widget-wrap elementor-element-populated\">\n\t\t\t\t\t\t\t<\/div>\n\t\t<\/div>\n\t\t\t\t\t<\/div>\n\t\t<\/section>\n\t\t\t\t<section class=\"elementor-section elementor-top-section elementor-element elementor-element-262cd59 elementor-section-boxed elementor-section-height-default elementor-section-height-default\" data-id=\"262cd59\" data-element_type=\"section\">\n\t\t\t\t\t\t<div class=\"elementor-container elementor-column-gap-default\">\n\t\t\t\t\t<div class=\"elementor-column elementor-col-100 elementor-top-column elementor-element elementor-element-638c291d\" data-id=\"638c291d\" data-element_type=\"column\">\n\t\t\t<div class=\"elementor-widget-wrap elementor-element-populated\">\n\t\t\t\t\t\t<div class=\"elementor-element elementor-element-d6b9d68 elementor-grid-3 elementor-grid-tablet-2 elementor-grid-mobile-1 elementor-posts--thumbnail-top elementor-card-shadow-yes elementor-posts__hover-gradient elementor-widget elementor-widget-posts\" data-id=\"d6b9d68\" data-element_type=\"widget\" data-settings=\"{&quot;cards_columns&quot;:&quot;3&quot;,&quot;cards_columns_tablet&quot;:&quot;2&quot;,&quot;cards_columns_mobile&quot;:&quot;1&quot;,&quot;cards_row_gap&quot;:{&quot;unit&quot;:&quot;px&quot;,&quot;size&quot;:35,&quot;sizes&quot;:[]},&quot;cards_row_gap_tablet&quot;:{&quot;unit&quot;:&quot;px&quot;,&quot;size&quot;:&quot;&quot;,&quot;sizes&quot;:[]},&quot;cards_row_gap_mobile&quot;:{&quot;unit&quot;:&quot;px&quot;,&quot;size&quot;:&quot;&quot;,&quot;sizes&quot;:[]}}\" data-widget_type=\"posts.cards\">\n\t\t\t\t<div class=\"elementor-widget-container\">\n\t\t\t\t\t\t\t<div class=\"elementor-posts-container elementor-posts elementor-posts--skin-cards elementor-grid\" role=\"list\">\n\t\t\t\t<article class=\"elementor-post elementor-grid-item post-842 post type-post status-publish format-standard has-post-thumbnail hentry category-general\" role=\"listitem\">\n\t\t\t<div class=\"elementor-post__card\">\n\t\t\t\t<a class=\"elementor-post__thumbnail__link\" href=\"https:\/\/www.sapphire.com.tr\/en\/sisecam-freight-forwarder-portal-fiori-project-has-been-commissioned\/\" tabindex=\"-1\" ><div class=\"elementor-post__thumbnail\"><img decoding=\"async\" width=\"300\" height=\"218\" src=\"https:\/\/www.sapphire.com.tr\/wp-content\/uploads\/2022\/08\/sisenak-300x218.jpg\" class=\"attachment-medium size-medium wp-image-779\" alt=\"\" srcset=\"https:\/\/www.sapphire.com.tr\/wp-content\/uploads\/2022\/08\/sisenak-300x218.jpg 300w, https:\/\/www.sapphire.com.tr\/wp-content\/uploads\/2022\/08\/sisenak-1024x743.jpg 1024w, https:\/\/www.sapphire.com.tr\/wp-content\/uploads\/2022\/08\/sisenak-768x557.jpg 768w, https:\/\/www.sapphire.com.tr\/wp-content\/uploads\/2022\/08\/sisenak.jpg 1160w\" sizes=\"(max-width: 300px) 100vw, 300px\" \/><\/div><\/a>\n\t\t\t\t<div class=\"elementor-post__badge\">General<\/div>\n\t\t\t\t<div class=\"elementor-post__text\">\n\t\t\t\t<h3 class=\"elementor-post__title\">\n\t\t\t<a href=\"https:\/\/www.sapphire.com.tr\/en\/sisecam-freight-forwarder-portal-fiori-project-has-been-commissioned\/\" >\n\t\t\t\t\u015ei\u015fecam Freight Forwarder Portal Fiori Project has been commissioned\t\t\t<\/a>\n\t\t<\/h3>\n\t\t\t\t<div class=\"elementor-post__excerpt\">\n\t\t\t<p>\u015ei\u015fecam Freight Forwarder Portal Fiori Project has been commissioned<\/p>\n\t\t<\/div>\n\t\t\n\t\t<a class=\"elementor-post__read-more\" href=\"https:\/\/www.sapphire.com.tr\/en\/sisecam-freight-forwarder-portal-fiori-project-has-been-commissioned\/\" aria-label=\"Read more about \u015ei\u015fecam Freight Forwarder Portal Fiori Project has been commissioned\" tabindex=\"-1\" >\n\t\t\tREAD MORE \u00bb\t\t<\/a>\n\n\t\t\t\t<\/div>\n\t\t\t\t<div class=\"elementor-post__meta-data\">\n\t\t\t\t\t<span class=\"elementor-post-date\">\n\t\t\t7 August 2022\t\t<\/span>\n\t\t\t\t<\/div>\n\t\t\t\t\t<\/div>\n\t\t<\/article>\n\t\t\t\t<article class=\"elementor-post elementor-grid-item post-844 post type-post status-publish format-standard has-post-thumbnail hentry category-general\" role=\"listitem\">\n\t\t\t<div class=\"elementor-post__card\">\n\t\t\t\t<a class=\"elementor-post__thumbnail__link\" href=\"https:\/\/www.sapphire.com.tr\/en\/sisecam-e-invoice-project-went-live\/\" tabindex=\"-1\" ><div class=\"elementor-post__thumbnail\"><img decoding=\"async\" width=\"300\" height=\"113\" src=\"https:\/\/www.sapphire.com.tr\/wp-content\/uploads\/2022\/08\/Sisecam_Bayrak-300x113.jpg\" class=\"attachment-medium size-medium wp-image-778\" alt=\"\" srcset=\"https:\/\/www.sapphire.com.tr\/wp-content\/uploads\/2022\/08\/Sisecam_Bayrak-300x113.jpg 300w, https:\/\/www.sapphire.com.tr\/wp-content\/uploads\/2022\/08\/Sisecam_Bayrak-1024x385.jpg 1024w, https:\/\/www.sapphire.com.tr\/wp-content\/uploads\/2022\/08\/Sisecam_Bayrak-768x289.jpg 768w, https:\/\/www.sapphire.com.tr\/wp-content\/uploads\/2022\/08\/Sisecam_Bayrak.jpg 1200w\" sizes=\"(max-width: 300px) 100vw, 300px\" \/><\/div><\/a>\n\t\t\t\t<div class=\"elementor-post__badge\">General<\/div>\n\t\t\t\t<div class=\"elementor-post__text\">\n\t\t\t\t<h3 class=\"elementor-post__title\">\n\t\t\t<a href=\"https:\/\/www.sapphire.com.tr\/en\/sisecam-e-invoice-project-went-live\/\" >\n\t\t\t\t\u015ei\u015fecam E-Invoice Project Went Live\t\t\t<\/a>\n\t\t<\/h3>\n\t\t\t\t<div class=\"elementor-post__excerpt\">\n\t\t\t<p>Sapphire E-invoice solution has been commissioned at \u015ei\u015fecam and its companies.<\/p>\n\t\t<\/div>\n\t\t\n\t\t<a class=\"elementor-post__read-more\" href=\"https:\/\/www.sapphire.com.tr\/en\/sisecam-e-invoice-project-went-live\/\" aria-label=\"Read more about \u015ei\u015fecam E-Invoice Project Went Live\" tabindex=\"-1\" >\n\t\t\tREAD MORE \u00bb\t\t<\/a>\n\n\t\t\t\t<\/div>\n\t\t\t\t<div class=\"elementor-post__meta-data\">\n\t\t\t\t\t<span class=\"elementor-post-date\">\n\t\t\t7 August 2022\t\t<\/span>\n\t\t\t\t<\/div>\n\t\t\t\t\t<\/div>\n\t\t<\/article>\n\t\t\t\t<article class=\"elementor-post elementor-grid-item post-846 post type-post status-publish format-standard has-post-thumbnail hentry category-general\" role=\"listitem\">\n\t\t\t<div class=\"elementor-post__card\">\n\t\t\t\t<a class=\"elementor-post__thumbnail__link\" href=\"https:\/\/www.sapphire.com.tr\/en\/enerjisa-sap-is-u-project-went-live\/\" tabindex=\"-1\" ><div class=\"elementor-post__thumbnail\"><img loading=\"lazy\" decoding=\"async\" width=\"300\" height=\"197\" src=\"https:\/\/www.sapphire.com.tr\/wp-content\/uploads\/2022\/08\/pexels-pixabay-356036-300x197.jpg\" class=\"attachment-medium size-medium wp-image-777\" alt=\"\" srcset=\"https:\/\/www.sapphire.com.tr\/wp-content\/uploads\/2022\/08\/pexels-pixabay-356036-300x197.jpg 300w, https:\/\/www.sapphire.com.tr\/wp-content\/uploads\/2022\/08\/pexels-pixabay-356036-1024x674.jpg 1024w, https:\/\/www.sapphire.com.tr\/wp-content\/uploads\/2022\/08\/pexels-pixabay-356036-768x505.jpg 768w, https:\/\/www.sapphire.com.tr\/wp-content\/uploads\/2022\/08\/pexels-pixabay-356036.jpg 1280w\" sizes=\"(max-width: 300px) 100vw, 300px\" \/><\/div><\/a>\n\t\t\t\t<div class=\"elementor-post__badge\">General<\/div>\n\t\t\t\t<div class=\"elementor-post__text\">\n\t\t\t\t<h3 class=\"elementor-post__title\">\n\t\t\t<a href=\"https:\/\/www.sapphire.com.tr\/en\/enerjisa-sap-is-u-project-went-live\/\" >\n\t\t\t\tEnerjisa SAP IS-U project Went Live\t\t\t<\/a>\n\t\t<\/h3>\n\t\t\t\t<div class=\"elementor-post__excerpt\">\n\t\t\t<p>The project in which we took part in Abap software development and SAP IS-U \/IDEX was commissioned.<\/p>\n\t\t<\/div>\n\t\t\n\t\t<a class=\"elementor-post__read-more\" href=\"https:\/\/www.sapphire.com.tr\/en\/enerjisa-sap-is-u-project-went-live\/\" aria-label=\"Read more about Enerjisa SAP IS-U project Went Live\" tabindex=\"-1\" >\n\t\t\tREAD MORE \u00bb\t\t<\/a>\n\n\t\t\t\t<\/div>\n\t\t\t\t<div class=\"elementor-post__meta-data\">\n\t\t\t\t\t<span class=\"elementor-post-date\">\n\t\t\t7 August 2022\t\t<\/span>\n\t\t\t\t<\/div>\n\t\t\t\t\t<\/div>\n\t\t<\/article>\n\t\t\t\t<article class=\"elementor-post elementor-grid-item post-848 post type-post status-publish format-standard has-post-thumbnail hentry category-general\" role=\"listitem\">\n\t\t\t<div class=\"elementor-post__card\">\n\t\t\t\t<a class=\"elementor-post__thumbnail__link\" href=\"https:\/\/www.sapphire.com.tr\/en\/ucb-aii-project-went-live\/\" tabindex=\"-1\" ><div class=\"elementor-post__thumbnail\"><img loading=\"lazy\" decoding=\"async\" width=\"300\" height=\"194\" src=\"https:\/\/www.sapphire.com.tr\/wp-content\/uploads\/2022\/08\/ucb-1-300x194.jpg\" class=\"attachment-medium size-medium wp-image-776\" alt=\"\" srcset=\"https:\/\/www.sapphire.com.tr\/wp-content\/uploads\/2022\/08\/ucb-1-300x194.jpg 300w, https:\/\/www.sapphire.com.tr\/wp-content\/uploads\/2022\/08\/ucb-1-1024x661.jpg 1024w, https:\/\/www.sapphire.com.tr\/wp-content\/uploads\/2022\/08\/ucb-1-768x496.jpg 768w, https:\/\/www.sapphire.com.tr\/wp-content\/uploads\/2022\/08\/ucb-1.jpg 1100w\" sizes=\"(max-width: 300px) 100vw, 300px\" \/><\/div><\/a>\n\t\t\t\t<div class=\"elementor-post__badge\">General<\/div>\n\t\t\t\t<div class=\"elementor-post__text\">\n\t\t\t\t<h3 class=\"elementor-post__title\">\n\t\t\t<a href=\"https:\/\/www.sapphire.com.tr\/en\/ucb-aii-project-went-live\/\" >\n\t\t\t\tUCB AII Project went Live\t\t\t<\/a>\n\t\t<\/h3>\n\t\t\t\t<div class=\"elementor-post__excerpt\">\n\t\t\t<p>The SAP Drug tracking system project implemented for Belgium-based UCB Pharma has been commissioned.<\/p>\n\t\t<\/div>\n\t\t\n\t\t<a class=\"elementor-post__read-more\" href=\"https:\/\/www.sapphire.com.tr\/en\/ucb-aii-project-went-live\/\" aria-label=\"Read more about UCB AII Project went Live\" tabindex=\"-1\" >\n\t\t\tREAD MORE \u00bb\t\t<\/a>\n\n\t\t\t\t<\/div>\n\t\t\t\t<div class=\"elementor-post__meta-data\">\n\t\t\t\t\t<span class=\"elementor-post-date\">\n\t\t\t7 August 2022\t\t<\/span>\n\t\t\t\t<\/div>\n\t\t\t\t\t<\/div>\n\t\t<\/article>\n\t\t\t\t<article class=\"elementor-post elementor-grid-item post-850 post type-post status-publish format-standard has-post-thumbnail hentry category-general\" role=\"listitem\">\n\t\t\t<div class=\"elementor-post__card\">\n\t\t\t\t<a class=\"elementor-post__thumbnail__link\" href=\"https:\/\/www.sapphire.com.tr\/en\/sapphire-mobile-solutions-has-started-its-activities\/\" tabindex=\"-1\" ><div class=\"elementor-post__thumbnail\"><img loading=\"lazy\" decoding=\"async\" width=\"300\" height=\"200\" src=\"https:\/\/www.sapphire.com.tr\/wp-content\/uploads\/2022\/08\/pexels-sami-abdullah-12072365-300x200.jpg\" class=\"attachment-medium size-medium wp-image-775\" alt=\"\" srcset=\"https:\/\/www.sapphire.com.tr\/wp-content\/uploads\/2022\/08\/pexels-sami-abdullah-12072365-300x200.jpg 300w, https:\/\/www.sapphire.com.tr\/wp-content\/uploads\/2022\/08\/pexels-sami-abdullah-12072365-1024x683.jpg 1024w, https:\/\/www.sapphire.com.tr\/wp-content\/uploads\/2022\/08\/pexels-sami-abdullah-12072365-768x512.jpg 768w, https:\/\/www.sapphire.com.tr\/wp-content\/uploads\/2022\/08\/pexels-sami-abdullah-12072365.jpg 1280w\" sizes=\"(max-width: 300px) 100vw, 300px\" \/><\/div><\/a>\n\t\t\t\t<div class=\"elementor-post__badge\">General<\/div>\n\t\t\t\t<div class=\"elementor-post__text\">\n\t\t\t\t<h3 class=\"elementor-post__title\">\n\t\t\t<a href=\"https:\/\/www.sapphire.com.tr\/en\/sapphire-mobile-solutions-has-started-its-activities\/\" >\n\t\t\t\tSapphire Mobile solutions has started its activities\t\t\t<\/a>\n\t\t<\/h3>\n\t\t\t\t<div class=\"elementor-post__excerpt\">\n\t\t\t<p>Mobile solutions activities were started with the cooperation of Sapphire &amp; Mobisem.<\/p>\n\t\t<\/div>\n\t\t\n\t\t<a class=\"elementor-post__read-more\" href=\"https:\/\/www.sapphire.com.tr\/en\/sapphire-mobile-solutions-has-started-its-activities\/\" aria-label=\"Read more about Sapphire Mobile solutions has started its activities\" tabindex=\"-1\" >\n\t\t\tREAD MORE \u00bb\t\t<\/a>\n\n\t\t\t\t<\/div>\n\t\t\t\t<div class=\"elementor-post__meta-data\">\n\t\t\t\t\t<span class=\"elementor-post-date\">\n\t\t\t6 August 2022\t\t<\/span>\n\t\t\t\t<\/div>\n\t\t\t\t\t<\/div>\n\t\t<\/article>\n\t\t\t\t<\/div>\n\t\t\n\t\t\t\t\t\t<\/div>\n\t\t\t\t<\/div>\n\t\t\t\t\t<\/div>\n\t\t<\/div>\n\t\t\t\t\t<\/div>\n\t\t<\/section>\n\t\t\t\t<\/div>\n\t\t","protected":false},"excerpt":{"rendered":"","protected":false},"author":1,"featured_media":0,"parent":0,"menu_order":0,"comment_status":"closed","ping_status":"closed","template":"elementor_header_footer","meta":{"footnotes":""},"class_list":["post-832","page","type-page","status-publish","hentry"],"yoast_head":"<!-- This site is optimized with the Yoast SEO plugin v26.5 - https:\/\/yoast.com\/wordpress\/plugins\/seo\/ -->\n<title>News - Sapphire SAP Dan\u0131\u015fmanl\u0131k ve SAP \u00c7\u00f6z\u00fcmleri<\/title>\n<meta name=\"robots\" content=\"index, follow, max-snippet:-1, max-image-preview:large, max-video-preview:-1\" \/>\n<link rel=\"canonical\" href=\"https:\/\/www.sapphire.com.tr\/en\/news\/\" \/>\n<meta property=\"og:locale\" content=\"en_US\" \/>\n<meta property=\"og:type\" content=\"article\" \/>\n<meta property=\"og:title\" content=\"News - Sapphire SAP Dan\u0131\u015fmanl\u0131k ve SAP \u00c7\u00f6z\u00fcmleri\" \/>\n<meta property=\"og:url\" content=\"https:\/\/www.sapphire.com.tr\/en\/news\/\" \/>\n<meta property=\"og:site_name\" content=\"Sapphire SAP Dan\u0131\u015fmanl\u0131k ve SAP \u00c7\u00f6z\u00fcmleri\" \/>\n<meta property=\"article:modified_time\" content=\"2022-09-19T20:10:42+00:00\" \/>\n<meta property=\"og:image\" content=\"https:\/\/www.sapphire.com.tr\/wp-content\/uploads\/2022\/08\/AdobeStock_383185304.jpeg\" \/>\n<meta name=\"twitter:card\" content=\"summary_large_image\" \/>\n<script type=\"application\/ld+json\" class=\"yoast-schema-graph\">{\"@context\":\"https:\/\/schema.org\",\"@graph\":[{\"@type\":\"WebPage\",\"@id\":\"https:\/\/www.sapphire.com.tr\/en\/news\/\",\"url\":\"https:\/\/www.sapphire.com.tr\/en\/news\/\",\"name\":\"News - Sapphire SAP Dan\u0131\u015fmanl\u0131k ve SAP \u00c7\u00f6z\u00fcmleri\",\"isPartOf\":{\"@id\":\"https:\/\/www.sapphire.com.tr\/en\/#website\"},\"primaryImageOfPage\":{\"@id\":\"https:\/\/www.sapphire.com.tr\/en\/news\/#primaryimage\"},\"image\":{\"@id\":\"https:\/\/www.sapphire.com.tr\/en\/news\/#primaryimage\"},\"thumbnailUrl\":\"https:\/\/www.sapphire.com.tr\/wp-content\/uploads\/2022\/08\/AdobeStock_383185304.jpeg\",\"datePublished\":\"2022-08-07T09:20:47+00:00\",\"dateModified\":\"2022-09-19T20:10:42+00:00\",\"breadcrumb\":{\"@id\":\"https:\/\/www.sapphire.com.tr\/en\/news\/#breadcrumb\"},\"inLanguage\":\"en-US\",\"potentialAction\":[{\"@type\":\"ReadAction\",\"target\":[\"https:\/\/www.sapphire.com.tr\/en\/news\/\"]}]},{\"@type\":\"ImageObject\",\"inLanguage\":\"en-US\",\"@id\":\"https:\/\/www.sapphire.com.tr\/en\/news\/#primaryimage\",\"url\":\"https:\/\/www.sapphire.com.tr\/wp-content\/uploads\/2022\/08\/AdobeStock_383185304.jpeg\",\"contentUrl\":\"https:\/\/www.sapphire.com.tr\/wp-content\/uploads\/2022\/08\/AdobeStock_383185304.jpeg\"},{\"@type\":\"BreadcrumbList\",\"@id\":\"https:\/\/www.sapphire.com.tr\/en\/news\/#breadcrumb\",\"itemListElement\":[{\"@type\":\"ListItem\",\"position\":1,\"name\":\"Anasayfa\",\"item\":\"https:\/\/www.sapphire.com.tr\/en\/sapphire-consulting\/\"},{\"@type\":\"ListItem\",\"position\":2,\"name\":\"News\"}]},{\"@type\":\"WebSite\",\"@id\":\"https:\/\/www.sapphire.com.tr\/en\/#website\",\"url\":\"https:\/\/www.sapphire.com.tr\/en\/\",\"name\":\"Sapphire SAP Dan\u0131\u015fmanl\u0131k ve SAP \u00c7\u00f6z\u00fcmleri\",\"description\":\"SAP Dan\u0131\u015fmanl\u0131k ve SAP \u00c7\u00f6z\u00fcmleri\",\"publisher\":{\"@id\":\"https:\/\/www.sapphire.com.tr\/en\/#organization\"},\"potentialAction\":[{\"@type\":\"SearchAction\",\"target\":{\"@type\":\"EntryPoint\",\"urlTemplate\":\"https:\/\/www.sapphire.com.tr\/en\/?s={search_term_string}\"},\"query-input\":{\"@type\":\"PropertyValueSpecification\",\"valueRequired\":true,\"valueName\":\"search_term_string\"}}],\"inLanguage\":\"en-US\"},{\"@type\":\"Organization\",\"@id\":\"https:\/\/www.sapphire.com.tr\/en\/#organization\",\"name\":\"Sapphire SAP Dan\u0131\u015fmanl\u0131k ve SAP \u00c7\u00f6z\u00fcmleri\",\"url\":\"https:\/\/www.sapphire.com.tr\/en\/\",\"logo\":{\"@type\":\"ImageObject\",\"inLanguage\":\"en-US\",\"@id\":\"https:\/\/www.sapphire.com.tr\/en\/#\/schema\/logo\/image\/\",\"url\":\"https:\/\/www.sapphire.com.tr\/wp-content\/uploads\/2022\/08\/sapphire-sap-danismanlik-logo-opt.svg\",\"contentUrl\":\"https:\/\/www.sapphire.com.tr\/wp-content\/uploads\/2022\/08\/sapphire-sap-danismanlik-logo-opt.svg\",\"caption\":\"Sapphire SAP Dan\u0131\u015fmanl\u0131k ve SAP \u00c7\u00f6z\u00fcmleri\"},\"image\":{\"@id\":\"https:\/\/www.sapphire.com.tr\/en\/#\/schema\/logo\/image\/\"}}]}<\/script>\n<!-- \/ Yoast SEO plugin. -->","yoast_head_json":{"title":"News - Sapphire SAP Dan\u0131\u015fmanl\u0131k ve SAP \u00c7\u00f6z\u00fcmleri","robots":{"index":"index","follow":"follow","max-snippet":"max-snippet:-1","max-image-preview":"max-image-preview:large","max-video-preview":"max-video-preview:-1"},"canonical":"https:\/\/www.sapphire.com.tr\/en\/news\/","og_locale":"en_US","og_type":"article","og_title":"News - Sapphire SAP Dan\u0131\u015fmanl\u0131k ve SAP \u00c7\u00f6z\u00fcmleri","og_url":"https:\/\/www.sapphire.com.tr\/en\/news\/","og_site_name":"Sapphire SAP Dan\u0131\u015fmanl\u0131k ve SAP \u00c7\u00f6z\u00fcmleri","article_modified_time":"2022-09-19T20:10:42+00:00","og_image":[{"url":"https:\/\/www.sapphire.com.tr\/wp-content\/uploads\/2022\/08\/AdobeStock_383185304.jpeg","type":"","width":"","height":""}],"twitter_card":"summary_large_image","schema":{"@context":"https:\/\/schema.org","@graph":[{"@type":"WebPage","@id":"https:\/\/www.sapphire.com.tr\/en\/news\/","url":"https:\/\/www.sapphire.com.tr\/en\/news\/","name":"News - Sapphire SAP Dan\u0131\u015fmanl\u0131k ve SAP \u00c7\u00f6z\u00fcmleri","isPartOf":{"@id":"https:\/\/www.sapphire.com.tr\/en\/#website"},"primaryImageOfPage":{"@id":"https:\/\/www.sapphire.com.tr\/en\/news\/#primaryimage"},"image":{"@id":"https:\/\/www.sapphire.com.tr\/en\/news\/#primaryimage"},"thumbnailUrl":"https:\/\/www.sapphire.com.tr\/wp-content\/uploads\/2022\/08\/AdobeStock_383185304.jpeg","datePublished":"2022-08-07T09:20:47+00:00","dateModified":"2022-09-19T20:10:42+00:00","breadcrumb":{"@id":"https:\/\/www.sapphire.com.tr\/en\/news\/#breadcrumb"},"inLanguage":"en-US","potentialAction":[{"@type":"ReadAction","target":["https:\/\/www.sapphire.com.tr\/en\/news\/"]}]},{"@type":"ImageObject","inLanguage":"en-US","@id":"https:\/\/www.sapphire.com.tr\/en\/news\/#primaryimage","url":"https:\/\/www.sapphire.com.tr\/wp-content\/uploads\/2022\/08\/AdobeStock_383185304.jpeg","contentUrl":"https:\/\/www.sapphire.com.tr\/wp-content\/uploads\/2022\/08\/AdobeStock_383185304.jpeg"},{"@type":"BreadcrumbList","@id":"https:\/\/www.sapphire.com.tr\/en\/news\/#breadcrumb","itemListElement":[{"@type":"ListItem","position":1,"name":"Anasayfa","item":"https:\/\/www.sapphire.com.tr\/en\/sapphire-consulting\/"},{"@type":"ListItem","position":2,"name":"News"}]},{"@type":"WebSite","@id":"https:\/\/www.sapphire.com.tr\/en\/#website","url":"https:\/\/www.sapphire.com.tr\/en\/","name":"Sapphire SAP Dan\u0131\u015fmanl\u0131k ve SAP \u00c7\u00f6z\u00fcmleri","description":"SAP Dan\u0131\u015fmanl\u0131k ve SAP \u00c7\u00f6z\u00fcmleri","publisher":{"@id":"https:\/\/www.sapphire.com.tr\/en\/#organization"},"potentialAction":[{"@type":"SearchAction","target":{"@type":"EntryPoint","urlTemplate":"https:\/\/www.sapphire.com.tr\/en\/?s={search_term_string}"},"query-input":{"@type":"PropertyValueSpecification","valueRequired":true,"valueName":"search_term_string"}}],"inLanguage":"en-US"},{"@type":"Organization","@id":"https:\/\/www.sapphire.com.tr\/en\/#organization","name":"Sapphire SAP Dan\u0131\u015fmanl\u0131k ve SAP \u00c7\u00f6z\u00fcmleri","url":"https:\/\/www.sapphire.com.tr\/en\/","logo":{"@type":"ImageObject","inLanguage":"en-US","@id":"https:\/\/www.sapphire.com.tr\/en\/#\/schema\/logo\/image\/","url":"https:\/\/www.sapphire.com.tr\/wp-content\/uploads\/2022\/08\/sapphire-sap-danismanlik-logo-opt.svg","contentUrl":"https:\/\/www.sapphire.com.tr\/wp-content\/uploads\/2022\/08\/sapphire-sap-danismanlik-logo-opt.svg","caption":"Sapphire SAP Dan\u0131\u015fmanl\u0131k ve SAP \u00c7\u00f6z\u00fcmleri"},"image":{"@id":"https:\/\/www.sapphire.com.tr\/en\/#\/schema\/logo\/image\/"}}]}},"_links":{"self":[{"href":"https:\/\/www.sapphire.com.tr\/en\/wp-json\/wp\/v2\/pages\/832","targetHints":{"allow":["GET"]}}],"collection":[{"href":"https:\/\/www.sapphire.com.tr\/en\/wp-json\/wp\/v2\/pages"}],"about":[{"href":"https:\/\/www.sapphire.com.tr\/en\/wp-json\/wp\/v2\/types\/page"}],"author":[{"embeddable":true,"href":"https:\/\/www.sapphire.com.tr\/en\/wp-json\/wp\/v2\/users\/1"}],"replies":[{"embeddable":true,"href":"https:\/\/www.sapphire.com.tr\/en\/wp-json\/wp\/v2\/comments?post=832"}],"version-history":[{"count":5,"href":"https:\/\/www.sapphire.com.tr\/en\/wp-json\/wp\/v2\/pages\/832\/revisions"}],"predecessor-version":[{"id":958,"href":"https:\/\/www.sapphire.com.tr\/en\/wp-json\/wp\/v2\/pages\/832\/revisions\/958"}],"wp:attachment":[{"href":"https:\/\/www.sapphire.com.tr\/en\/wp-json\/wp\/v2\/media?parent=832"}],"curies":[{"name":"wp","href":"https:\/\/api.w.org\/{rel}","templated":true}]}}