{"id":836,"date":"2022-08-07T12:18:05","date_gmt":"2022-08-07T09:18:05","guid":{"rendered":"https:\/\/www.sapphire.com.tr\/sapphire-sap-products\/"},"modified":"2022-09-19T23:12:31","modified_gmt":"2022-09-19T20:12:31","slug":"sapphire-sap-products","status":"publish","type":"page","link":"https:\/\/www.sapphire.com.tr\/en\/sapphire-sap-products\/","title":{"rendered":"Sapphire SAP Products"},"content":{"rendered":"\t\t<div data-elementor-type=\"wp-page\" data-elementor-id=\"836\" class=\"elementor elementor-836 elementor-157\" data-elementor-post-type=\"page\">\n\t\t\t\t\t\t<section class=\"elementor-section elementor-top-section elementor-element elementor-element-74c38c2b elementor-section-full_width elementor-section-height-default elementor-section-height-default\" data-id=\"74c38c2b\" data-element_type=\"section\" data-settings=\"{&quot;background_background&quot;:&quot;classic&quot;}\">\n\t\t\t\t\t\t<div class=\"elementor-container elementor-column-gap-no\">\n\t\t\t\t\t<div class=\"elementor-column elementor-col-100 elementor-top-column elementor-element elementor-element-71127b3b\" data-id=\"71127b3b\" data-element_type=\"column\">\n\t\t\t<div class=\"elementor-widget-wrap elementor-element-populated\">\n\t\t\t\t\t\t<section class=\"elementor-section elementor-inner-section elementor-element elementor-element-774881f1 elementor-section-full_width elementor-reverse-mobile elementor-section-height-default elementor-section-height-default\" data-id=\"774881f1\" data-element_type=\"section\">\n\t\t\t\t\t\t<div class=\"elementor-container elementor-column-gap-no\">\n\t\t\t\t\t<div class=\"elementor-column elementor-col-50 elementor-inner-column elementor-element elementor-element-7114dba1 elementor-hidden-phone\" data-id=\"7114dba1\" data-element_type=\"column\">\n\t\t\t<div class=\"elementor-widget-wrap\">\n\t\t\t\t\t\t\t<\/div>\n\t\t<\/div>\n\t\t\t\t<div class=\"elementor-column elementor-col-50 elementor-inner-column elementor-element elementor-element-20af309e\" data-id=\"20af309e\" data-element_type=\"column\">\n\t\t\t<div class=\"elementor-widget-wrap elementor-element-populated\">\n\t\t\t\t\t\t<div class=\"elementor-element elementor-element-25a45350 elementor-hidden-phone elementor-widget elementor-widget-image\" data-id=\"25a45350\" data-element_type=\"widget\" data-settings=\"{&quot;_animation&quot;:&quot;none&quot;,&quot;_animation_delay&quot;:300}\" data-widget_type=\"image.default\">\n\t\t\t\t<div class=\"elementor-widget-container\">\n\t\t\t\t\t\t\t\t\t\t\t\t\t\t\t<img fetchpriority=\"high\" decoding=\"async\" width=\"800\" height=\"534\" src=\"https:\/\/www.sapphire.com.tr\/wp-content\/uploads\/2022\/08\/17-1-1024x683.jpg\" class=\"attachment-large size-large wp-image-735\" alt=\"\" srcset=\"https:\/\/www.sapphire.com.tr\/wp-content\/uploads\/2022\/08\/17-1-1024x683.jpg 1024w, https:\/\/www.sapphire.com.tr\/wp-content\/uploads\/2022\/08\/17-1-300x200.jpg 300w, https:\/\/www.sapphire.com.tr\/wp-content\/uploads\/2022\/08\/17-1-768x512.jpg 768w, https:\/\/www.sapphire.com.tr\/wp-content\/uploads\/2022\/08\/17-1.jpg 1200w\" sizes=\"(max-width: 800px) 100vw, 800px\" \/>\t\t\t\t\t\t\t\t\t\t\t\t\t\t\t<\/div>\n\t\t\t\t<\/div>\n\t\t\t\t\t<\/div>\n\t\t<\/div>\n\t\t\t\t\t<\/div>\n\t\t<\/section>\n\t\t\t\t\t<\/div>\n\t\t<\/div>\n\t\t\t\t\t<\/div>\n\t\t<\/section>\n\t\t\t\t<section class=\"elementor-section elementor-top-section elementor-element elementor-element-2b9f7a7 elementor-section-height-min-height elementor-section-content-middle elementor-section-boxed elementor-section-height-default elementor-section-items-middle\" data-id=\"2b9f7a7\" data-element_type=\"section\" data-settings=\"{&quot;background_background&quot;:&quot;gradient&quot;}\">\n\t\t\t\t\t\t<div class=\"elementor-container elementor-column-gap-no\">\n\t\t\t\t\t<div class=\"elementor-column elementor-col-100 elementor-top-column elementor-element elementor-element-bace3f4\" data-id=\"bace3f4\" data-element_type=\"column\">\n\t\t\t<div class=\"elementor-widget-wrap elementor-element-populated\">\n\t\t\t\t\t\t\t<\/div>\n\t\t<\/div>\n\t\t\t\t\t<\/div>\n\t\t<\/section>\n\t\t\t\t<section class=\"elementor-section elementor-top-section elementor-element elementor-element-29f559db elementor-section-content-middle elementor-section-boxed elementor-section-height-default elementor-section-height-default\" data-id=\"29f559db\" data-element_type=\"section\">\n\t\t\t\t\t\t<div class=\"elementor-container elementor-column-gap-default\">\n\t\t\t\t\t<div class=\"elementor-column elementor-col-50 elementor-top-column elementor-element elementor-element-f133a53\" data-id=\"f133a53\" data-element_type=\"column\">\n\t\t\t<div class=\"elementor-widget-wrap elementor-element-populated\">\n\t\t\t\t\t\t<div class=\"elementor-element elementor-element-5bce0613 elementor-widget elementor-widget-text-editor\" data-id=\"5bce0613\" data-element_type=\"widget\" data-widget_type=\"text-editor.default\">\n\t\t\t\t<div class=\"elementor-widget-container\">\n\t\t\t\t\t\t\t\t\t<p>Solutions that we offer by using SAP products in line with requirements of your company.<\/p>\n\t\t\t\t\t\t\t\t<\/div>\n\t\t\t\t<\/div>\n\t\t\t\t<div class=\"elementor-element elementor-element-f9a2a88 elementor-icon-list--layout-traditional elementor-list-item-link-full_width elementor-widget elementor-widget-icon-list\" data-id=\"f9a2a88\" data-element_type=\"widget\" data-widget_type=\"icon-list.default\">\n\t\t\t\t<div class=\"elementor-widget-container\">\n\t\t\t\t\t\t\t<ul class=\"elementor-icon-list-items\">\n\t\t\t\t\t\t\t<li class=\"elementor-icon-list-item\">\n\t\t\t\t\t\t\t\t\t\t\t<span class=\"elementor-icon-list-icon\">\n\t\t\t\t\t\t\t<svg aria-hidden=\"true\" class=\"e-font-icon-svg e-fas-check\" viewBox=\"0 0 512 512\" xmlns=\"http:\/\/www.w3.org\/2000\/svg\"><path d=\"M173.898 439.404l-166.4-166.4c-9.997-9.997-9.997-26.206 0-36.204l36.203-36.204c9.997-9.998 26.207-9.998 36.204 0L192 312.69 432.095 72.596c9.997-9.997 26.207-9.997 36.204 0l36.203 36.204c9.997 9.997 9.997 26.206 0 36.204l-294.4 294.401c-9.998 9.997-26.207 9.997-36.204-.001z\"><\/path><\/svg>\t\t\t\t\t\t<\/span>\n\t\t\t\t\t\t\t\t\t\t<span class=\"elementor-icon-list-text\">Online\/Offline DBS<\/span>\n\t\t\t\t\t\t\t\t\t<\/li>\n\t\t\t\t\t\t\t\t<li class=\"elementor-icon-list-item\">\n\t\t\t\t\t\t\t\t\t\t\t<span class=\"elementor-icon-list-icon\">\n\t\t\t\t\t\t\t<svg aria-hidden=\"true\" class=\"e-font-icon-svg e-fas-check\" viewBox=\"0 0 512 512\" xmlns=\"http:\/\/www.w3.org\/2000\/svg\"><path d=\"M173.898 439.404l-166.4-166.4c-9.997-9.997-9.997-26.206 0-36.204l36.203-36.204c9.997-9.998 26.207-9.998 36.204 0L192 312.69 432.095 72.596c9.997-9.997 26.207-9.997 36.204 0l36.203 36.204c9.997 9.997 9.997 26.206 0 36.204l-294.4 294.401c-9.998 9.997-26.207 9.997-36.204-.001z\"><\/path><\/svg>\t\t\t\t\t\t<\/span>\n\t\t\t\t\t\t\t\t\t\t<span class=\"elementor-icon-list-text\">E-Invoice<\/span>\n\t\t\t\t\t\t\t\t\t<\/li>\n\t\t\t\t\t\t\t\t<li class=\"elementor-icon-list-item\">\n\t\t\t\t\t\t\t\t\t\t\t<span class=\"elementor-icon-list-icon\">\n\t\t\t\t\t\t\t<svg aria-hidden=\"true\" class=\"e-font-icon-svg e-fas-check\" viewBox=\"0 0 512 512\" xmlns=\"http:\/\/www.w3.org\/2000\/svg\"><path d=\"M173.898 439.404l-166.4-166.4c-9.997-9.997-9.997-26.206 0-36.204l36.203-36.204c9.997-9.998 26.207-9.998 36.204 0L192 312.69 432.095 72.596c9.997-9.997 26.207-9.997 36.204 0l36.203 36.204c9.997 9.997 9.997 26.206 0 36.204l-294.4 294.401c-9.998 9.997-26.207 9.997-36.204-.001z\"><\/path><\/svg>\t\t\t\t\t\t<\/span>\n\t\t\t\t\t\t\t\t\t\t<span class=\"elementor-icon-list-text\">E-Ledger<\/span>\n\t\t\t\t\t\t\t\t\t<\/li>\n\t\t\t\t\t\t\t\t<li class=\"elementor-icon-list-item\">\n\t\t\t\t\t\t\t\t\t\t\t<span class=\"elementor-icon-list-icon\">\n\t\t\t\t\t\t\t<svg aria-hidden=\"true\" class=\"e-font-icon-svg e-fas-check\" viewBox=\"0 0 512 512\" xmlns=\"http:\/\/www.w3.org\/2000\/svg\"><path d=\"M173.898 439.404l-166.4-166.4c-9.997-9.997-9.997-26.206 0-36.204l36.203-36.204c9.997-9.998 26.207-9.998 36.204 0L192 312.69 432.095 72.596c9.997-9.997 26.207-9.997 36.204 0l36.203 36.204c9.997 9.997 9.997 26.206 0 36.204l-294.4 294.401c-9.998 9.997-26.207 9.997-36.204-.001z\"><\/path><\/svg>\t\t\t\t\t\t<\/span>\n\t\t\t\t\t\t\t\t\t\t<span class=\"elementor-icon-list-text\">E-Archive<\/span>\n\t\t\t\t\t\t\t\t\t<\/li>\n\t\t\t\t\t\t\t\t<li class=\"elementor-icon-list-item\">\n\t\t\t\t\t\t\t\t\t\t\t<span class=\"elementor-icon-list-icon\">\n\t\t\t\t\t\t\t<svg aria-hidden=\"true\" class=\"e-font-icon-svg e-fas-check\" viewBox=\"0 0 512 512\" xmlns=\"http:\/\/www.w3.org\/2000\/svg\"><path d=\"M173.898 439.404l-166.4-166.4c-9.997-9.997-9.997-26.206 0-36.204l36.203-36.204c9.997-9.998 26.207-9.998 36.204 0L192 312.69 432.095 72.596c9.997-9.997 26.207-9.997 36.204 0l36.203 36.204c9.997 9.997 9.997 26.206 0 36.204l-294.4 294.401c-9.998 9.997-26.207 9.997-36.204-.001z\"><\/path><\/svg>\t\t\t\t\t\t<\/span>\n\t\t\t\t\t\t\t\t\t\t<span class=\"elementor-icon-list-text\">E-Reconciliation<\/span>\n\t\t\t\t\t\t\t\t\t<\/li>\n\t\t\t\t\t\t\t\t<li class=\"elementor-icon-list-item\">\n\t\t\t\t\t\t\t\t\t\t\t<span class=\"elementor-icon-list-icon\">\n\t\t\t\t\t\t\t<svg aria-hidden=\"true\" class=\"e-font-icon-svg e-fas-check\" viewBox=\"0 0 512 512\" xmlns=\"http:\/\/www.w3.org\/2000\/svg\"><path d=\"M173.898 439.404l-166.4-166.4c-9.997-9.997-9.997-26.206 0-36.204l36.203-36.204c9.997-9.998 26.207-9.998 36.204 0L192 312.69 432.095 72.596c9.997-9.997 26.207-9.997 36.204 0l36.203 36.204c9.997 9.997 9.997 26.206 0 36.204l-294.4 294.401c-9.998 9.997-26.207 9.997-36.204-.001z\"><\/path><\/svg>\t\t\t\t\t\t<\/span>\n\t\t\t\t\t\t\t\t\t\t<span class=\"elementor-icon-list-text\">Serialization-Follow-up medicine<\/span>\n\t\t\t\t\t\t\t\t\t<\/li>\n\t\t\t\t\t\t<\/ul>\n\t\t\t\t\t\t<\/div>\n\t\t\t\t<\/div>\n\t\t\t\t\t<\/div>\n\t\t<\/div>\n\t\t\t\t<div class=\"elementor-column elementor-col-50 elementor-top-column elementor-element elementor-element-871c500\" data-id=\"871c500\" data-element_type=\"column\">\n\t\t\t<div class=\"elementor-widget-wrap elementor-element-populated\">\n\t\t\t\t\t\t<div class=\"elementor-element elementor-element-4a1a86e elementor-widget elementor-widget-image\" data-id=\"4a1a86e\" data-element_type=\"widget\" data-widget_type=\"image.default\">\n\t\t\t\t<div class=\"elementor-widget-container\">\n\t\t\t\t\t\t\t\t\t\t\t\t\t\t\t<img decoding=\"async\" width=\"800\" height=\"450\" src=\"https:\/\/www.sapphire.com.tr\/wp-content\/uploads\/2022\/08\/pexels-fauxels-3184292-1024x576.jpg\" class=\"attachment-large size-large wp-image-782\" alt=\"\" srcset=\"https:\/\/www.sapphire.com.tr\/wp-content\/uploads\/2022\/08\/pexels-fauxels-3184292-1024x576.jpg 1024w, https:\/\/www.sapphire.com.tr\/wp-content\/uploads\/2022\/08\/pexels-fauxels-3184292-300x169.jpg 300w, https:\/\/www.sapphire.com.tr\/wp-content\/uploads\/2022\/08\/pexels-fauxels-3184292-768x432.jpg 768w, https:\/\/www.sapphire.com.tr\/wp-content\/uploads\/2022\/08\/pexels-fauxels-3184292-1536x864.jpg 1536w, https:\/\/www.sapphire.com.tr\/wp-content\/uploads\/2022\/08\/pexels-fauxels-3184292.jpg 1920w\" sizes=\"(max-width: 800px) 100vw, 800px\" \/>\t\t\t\t\t\t\t\t\t\t\t\t\t\t\t<\/div>\n\t\t\t\t<\/div>\n\t\t\t\t\t<\/div>\n\t\t<\/div>\n\t\t\t\t\t<\/div>\n\t\t<\/section>\n\t\t\t\t<\/div>\n\t\t","protected":false},"excerpt":{"rendered":"<p>Solutions that we offer by using SAP products in line with requirements of your company. Online\/Offline DBS E-Invoice E-Ledger E-Archive E-Reconciliation Serialization-Follow-up medicine<\/p>\n","protected":false},"author":1,"featured_media":0,"parent":0,"menu_order":0,"comment_status":"closed","ping_status":"closed","template":"elementor_header_footer","meta":{"footnotes":""},"class_list":["post-836","page","type-page","status-publish","hentry"],"yoast_head":"<!-- This site is optimized with the Yoast SEO plugin v26.5 - https:\/\/yoast.com\/wordpress\/plugins\/seo\/ -->\n<title>Sapphire SAP Products - Sapphire SAP Dan\u0131\u015fmanl\u0131k ve SAP \u00c7\u00f6z\u00fcmleri<\/title>\n<meta name=\"robots\" content=\"index, follow, max-snippet:-1, max-image-preview:large, max-video-preview:-1\" \/>\n<link rel=\"canonical\" href=\"https:\/\/www.sapphire.com.tr\/en\/sapphire-sap-products\/\" \/>\n<meta property=\"og:locale\" content=\"en_US\" \/>\n<meta property=\"og:type\" content=\"article\" \/>\n<meta property=\"og:title\" content=\"Sapphire SAP Products - Sapphire SAP Dan\u0131\u015fmanl\u0131k ve SAP \u00c7\u00f6z\u00fcmleri\" \/>\n<meta property=\"og:description\" content=\"Solutions that we offer by using SAP products in line with requirements of your company. Online\/Offline DBS E-Invoice E-Ledger E-Archive E-Reconciliation Serialization-Follow-up medicine\" \/>\n<meta property=\"og:url\" content=\"https:\/\/www.sapphire.com.tr\/en\/sapphire-sap-products\/\" \/>\n<meta property=\"og:site_name\" content=\"Sapphire SAP Dan\u0131\u015fmanl\u0131k ve SAP \u00c7\u00f6z\u00fcmleri\" \/>\n<meta property=\"article:modified_time\" content=\"2022-09-19T20:12:31+00:00\" \/>\n<meta property=\"og:image\" content=\"https:\/\/www.sapphire.com.tr\/wp-content\/uploads\/2022\/08\/17-1-1024x683.jpg\" \/>\n<meta name=\"twitter:card\" content=\"summary_large_image\" \/>\n<script type=\"application\/ld+json\" class=\"yoast-schema-graph\">{\"@context\":\"https:\/\/schema.org\",\"@graph\":[{\"@type\":\"WebPage\",\"@id\":\"https:\/\/www.sapphire.com.tr\/en\/sapphire-sap-products\/\",\"url\":\"https:\/\/www.sapphire.com.tr\/en\/sapphire-sap-products\/\",\"name\":\"Sapphire SAP Products - Sapphire SAP Dan\u0131\u015fmanl\u0131k ve SAP \u00c7\u00f6z\u00fcmleri\",\"isPartOf\":{\"@id\":\"https:\/\/www.sapphire.com.tr\/en\/#website\"},\"primaryImageOfPage\":{\"@id\":\"https:\/\/www.sapphire.com.tr\/en\/sapphire-sap-products\/#primaryimage\"},\"image\":{\"@id\":\"https:\/\/www.sapphire.com.tr\/en\/sapphire-sap-products\/#primaryimage\"},\"thumbnailUrl\":\"https:\/\/www.sapphire.com.tr\/wp-content\/uploads\/2022\/08\/17-1-1024x683.jpg\",\"datePublished\":\"2022-08-07T09:18:05+00:00\",\"dateModified\":\"2022-09-19T20:12:31+00:00\",\"breadcrumb\":{\"@id\":\"https:\/\/www.sapphire.com.tr\/en\/sapphire-sap-products\/#breadcrumb\"},\"inLanguage\":\"en-US\",\"potentialAction\":[{\"@type\":\"ReadAction\",\"target\":[\"https:\/\/www.sapphire.com.tr\/en\/sapphire-sap-products\/\"]}]},{\"@type\":\"ImageObject\",\"inLanguage\":\"en-US\",\"@id\":\"https:\/\/www.sapphire.com.tr\/en\/sapphire-sap-products\/#primaryimage\",\"url\":\"https:\/\/www.sapphire.com.tr\/wp-content\/uploads\/2022\/08\/17-1-1024x683.jpg\",\"contentUrl\":\"https:\/\/www.sapphire.com.tr\/wp-content\/uploads\/2022\/08\/17-1-1024x683.jpg\"},{\"@type\":\"BreadcrumbList\",\"@id\":\"https:\/\/www.sapphire.com.tr\/en\/sapphire-sap-products\/#breadcrumb\",\"itemListElement\":[{\"@type\":\"ListItem\",\"position\":1,\"name\":\"Anasayfa\",\"item\":\"https:\/\/www.sapphire.com.tr\/en\/sapphire-consulting\/\"},{\"@type\":\"ListItem\",\"position\":2,\"name\":\"Sapphire SAP Products\"}]},{\"@type\":\"WebSite\",\"@id\":\"https:\/\/www.sapphire.com.tr\/en\/#website\",\"url\":\"https:\/\/www.sapphire.com.tr\/en\/\",\"name\":\"Sapphire SAP Dan\u0131\u015fmanl\u0131k ve SAP \u00c7\u00f6z\u00fcmleri\",\"description\":\"SAP Dan\u0131\u015fmanl\u0131k ve SAP \u00c7\u00f6z\u00fcmleri\",\"publisher\":{\"@id\":\"https:\/\/www.sapphire.com.tr\/en\/#organization\"},\"potentialAction\":[{\"@type\":\"SearchAction\",\"target\":{\"@type\":\"EntryPoint\",\"urlTemplate\":\"https:\/\/www.sapphire.com.tr\/en\/?s={search_term_string}\"},\"query-input\":{\"@type\":\"PropertyValueSpecification\",\"valueRequired\":true,\"valueName\":\"search_term_string\"}}],\"inLanguage\":\"en-US\"},{\"@type\":\"Organization\",\"@id\":\"https:\/\/www.sapphire.com.tr\/en\/#organization\",\"name\":\"Sapphire SAP Dan\u0131\u015fmanl\u0131k ve SAP \u00c7\u00f6z\u00fcmleri\",\"url\":\"https:\/\/www.sapphire.com.tr\/en\/\",\"logo\":{\"@type\":\"ImageObject\",\"inLanguage\":\"en-US\",\"@id\":\"https:\/\/www.sapphire.com.tr\/en\/#\/schema\/logo\/image\/\",\"url\":\"https:\/\/www.sapphire.com.tr\/wp-content\/uploads\/2022\/08\/sapphire-sap-danismanlik-logo-opt.svg\",\"contentUrl\":\"https:\/\/www.sapphire.com.tr\/wp-content\/uploads\/2022\/08\/sapphire-sap-danismanlik-logo-opt.svg\",\"caption\":\"Sapphire SAP Dan\u0131\u015fmanl\u0131k ve SAP \u00c7\u00f6z\u00fcmleri\"},\"image\":{\"@id\":\"https:\/\/www.sapphire.com.tr\/en\/#\/schema\/logo\/image\/\"}}]}<\/script>\n<!-- \/ Yoast SEO plugin. -->","yoast_head_json":{"title":"Sapphire SAP Products - Sapphire SAP Dan\u0131\u015fmanl\u0131k ve SAP \u00c7\u00f6z\u00fcmleri","robots":{"index":"index","follow":"follow","max-snippet":"max-snippet:-1","max-image-preview":"max-image-preview:large","max-video-preview":"max-video-preview:-1"},"canonical":"https:\/\/www.sapphire.com.tr\/en\/sapphire-sap-products\/","og_locale":"en_US","og_type":"article","og_title":"Sapphire SAP Products - Sapphire SAP Dan\u0131\u015fmanl\u0131k ve SAP \u00c7\u00f6z\u00fcmleri","og_description":"Solutions that we offer by using SAP products in line with requirements of your company. Online\/Offline DBS E-Invoice E-Ledger E-Archive E-Reconciliation Serialization-Follow-up medicine","og_url":"https:\/\/www.sapphire.com.tr\/en\/sapphire-sap-products\/","og_site_name":"Sapphire SAP Dan\u0131\u015fmanl\u0131k ve SAP \u00c7\u00f6z\u00fcmleri","article_modified_time":"2022-09-19T20:12:31+00:00","og_image":[{"url":"https:\/\/www.sapphire.com.tr\/wp-content\/uploads\/2022\/08\/17-1-1024x683.jpg","type":"","width":"","height":""}],"twitter_card":"summary_large_image","schema":{"@context":"https:\/\/schema.org","@graph":[{"@type":"WebPage","@id":"https:\/\/www.sapphire.com.tr\/en\/sapphire-sap-products\/","url":"https:\/\/www.sapphire.com.tr\/en\/sapphire-sap-products\/","name":"Sapphire SAP Products - Sapphire SAP Dan\u0131\u015fmanl\u0131k ve SAP \u00c7\u00f6z\u00fcmleri","isPartOf":{"@id":"https:\/\/www.sapphire.com.tr\/en\/#website"},"primaryImageOfPage":{"@id":"https:\/\/www.sapphire.com.tr\/en\/sapphire-sap-products\/#primaryimage"},"image":{"@id":"https:\/\/www.sapphire.com.tr\/en\/sapphire-sap-products\/#primaryimage"},"thumbnailUrl":"https:\/\/www.sapphire.com.tr\/wp-content\/uploads\/2022\/08\/17-1-1024x683.jpg","datePublished":"2022-08-07T09:18:05+00:00","dateModified":"2022-09-19T20:12:31+00:00","breadcrumb":{"@id":"https:\/\/www.sapphire.com.tr\/en\/sapphire-sap-products\/#breadcrumb"},"inLanguage":"en-US","potentialAction":[{"@type":"ReadAction","target":["https:\/\/www.sapphire.com.tr\/en\/sapphire-sap-products\/"]}]},{"@type":"ImageObject","inLanguage":"en-US","@id":"https:\/\/www.sapphire.com.tr\/en\/sapphire-sap-products\/#primaryimage","url":"https:\/\/www.sapphire.com.tr\/wp-content\/uploads\/2022\/08\/17-1-1024x683.jpg","contentUrl":"https:\/\/www.sapphire.com.tr\/wp-content\/uploads\/2022\/08\/17-1-1024x683.jpg"},{"@type":"BreadcrumbList","@id":"https:\/\/www.sapphire.com.tr\/en\/sapphire-sap-products\/#breadcrumb","itemListElement":[{"@type":"ListItem","position":1,"name":"Anasayfa","item":"https:\/\/www.sapphire.com.tr\/en\/sapphire-consulting\/"},{"@type":"ListItem","position":2,"name":"Sapphire SAP Products"}]},{"@type":"WebSite","@id":"https:\/\/www.sapphire.com.tr\/en\/#website","url":"https:\/\/www.sapphire.com.tr\/en\/","name":"Sapphire SAP Dan\u0131\u015fmanl\u0131k ve SAP \u00c7\u00f6z\u00fcmleri","description":"SAP Dan\u0131\u015fmanl\u0131k ve SAP \u00c7\u00f6z\u00fcmleri","publisher":{"@id":"https:\/\/www.sapphire.com.tr\/en\/#organization"},"potentialAction":[{"@type":"SearchAction","target":{"@type":"EntryPoint","urlTemplate":"https:\/\/www.sapphire.com.tr\/en\/?s={search_term_string}"},"query-input":{"@type":"PropertyValueSpecification","valueRequired":true,"valueName":"search_term_string"}}],"inLanguage":"en-US"},{"@type":"Organization","@id":"https:\/\/www.sapphire.com.tr\/en\/#organization","name":"Sapphire SAP Dan\u0131\u015fmanl\u0131k ve SAP \u00c7\u00f6z\u00fcmleri","url":"https:\/\/www.sapphire.com.tr\/en\/","logo":{"@type":"ImageObject","inLanguage":"en-US","@id":"https:\/\/www.sapphire.com.tr\/en\/#\/schema\/logo\/image\/","url":"https:\/\/www.sapphire.com.tr\/wp-content\/uploads\/2022\/08\/sapphire-sap-danismanlik-logo-opt.svg","contentUrl":"https:\/\/www.sapphire.com.tr\/wp-content\/uploads\/2022\/08\/sapphire-sap-danismanlik-logo-opt.svg","caption":"Sapphire SAP Dan\u0131\u015fmanl\u0131k ve SAP \u00c7\u00f6z\u00fcmleri"},"image":{"@id":"https:\/\/www.sapphire.com.tr\/en\/#\/schema\/logo\/image\/"}}]}},"_links":{"self":[{"href":"https:\/\/www.sapphire.com.tr\/en\/wp-json\/wp\/v2\/pages\/836","targetHints":{"allow":["GET"]}}],"collection":[{"href":"https:\/\/www.sapphire.com.tr\/en\/wp-json\/wp\/v2\/pages"}],"about":[{"href":"https:\/\/www.sapphire.com.tr\/en\/wp-json\/wp\/v2\/types\/page"}],"author":[{"embeddable":true,"href":"https:\/\/www.sapphire.com.tr\/en\/wp-json\/wp\/v2\/users\/1"}],"replies":[{"embeddable":true,"href":"https:\/\/www.sapphire.com.tr\/en\/wp-json\/wp\/v2\/comments?post=836"}],"version-history":[{"count":3,"href":"https:\/\/www.sapphire.com.tr\/en\/wp-json\/wp\/v2\/pages\/836\/revisions"}],"predecessor-version":[{"id":964,"href":"https:\/\/www.sapphire.com.tr\/en\/wp-json\/wp\/v2\/pages\/836\/revisions\/964"}],"wp:attachment":[{"href":"https:\/\/www.sapphire.com.tr\/en\/wp-json\/wp\/v2\/media?parent=836"}],"curies":[{"name":"wp","href":"https:\/\/api.w.org\/{rel}","templated":true}]}}